{"id":2569,"date":"2023-06-21T18:18:37","date_gmt":"2023-06-21T16:18:37","guid":{"rendered":"https:\/\/vostrotutor.com\/rolunk\/"},"modified":"2023-07-26T21:40:00","modified_gmt":"2023-07-26T19:40:00","slug":"rolunk","status":"publish","type":"page","link":"https:\/\/vostrotutor.com\/hu\/rolunk\/","title":{"rendered":"R\u00f3lunk"},"content":{"rendered":"<h1>Egy kicsit a #vostrotutorr\u00f3l<\/h1>\n<p>Az oldal l\u00e9trehoz\u00e1s\u00e1nak c\u00e9lja egy olyan platform megalkot\u00e1sa ahol az oktat\u00f3k \u00e9s di\u00e1kok egym\u00e1sra tal\u00e1lhatnak lak\u00f3helyt\u0151l f\u00fcggetlen\u00fcl, glob\u00e1lisan az eg\u00e9sz vil\u00e1gban. Ez\u00e1ltal seg\u00edts\u00e9get k\u00edn\u00e1lunk a tan\u00e1roknak \u00e9s a di\u00e1koknak egyar\u00e1nt, hogy szabadon v\u00e1logathassanak belf\u00f6ldi \u00e9s k\u00fclf\u00f6ldi palett\u00e1n egyar\u00e1nt.<br \/>\nRem\u00e9lj\u00fck \u00f6r\u00f6m\u00f6det leled az oldal haszn\u00e1lat\u00e1ban \u00e9s hossz\u00fa t\u00e1von is \u00fagy d\u00f6ntesz, hogy minket v\u00e1lasztasz. \ud83d\ude42\n<\/p>\n<ul>\n<li>\n                                                    \u00cdgy indulj neki!<br \/>\n                                                    <img decoding=\"async\" src=\"https:\/\/vostrotutor.com\/wp-content\/plugins\/tuturn\/public\/images\/knob_line.svg\" alt=\"image\"><br \/>\n                                                                                                                                        <a href=\"https:\/\/vostrotutor.com\/hu\/regisztracio\/\">Regisztr\u00e1lok oktat\u00f3k\u00e9nt<\/a>\n                                                                                    <\/li>\n<li><a href=\"https:\/\/vostrotutor.com\/hu\/regisztracio\/\"><br \/>\n                                                Regisztr\u00e1lok di\u00e1kk\u00e9nt<br \/>\n                                                                                                    <em>Ingyenes!<\/em><br \/>\n                                                                                            <\/a><\/li>\n<\/ul>\n<p>                                    <img decoding=\"async\" src=\"https:\/\/vostrotutor.com\/wp-content\/uploads\/2023\/06\/vostrotutor-logo-cut.png\" alt=\"Banner image\"><\/p>\n","protected":false},"excerpt":{"rendered":"<p>Egy kicsit a #vostrotutorr\u00f3l Az oldal l\u00e9trehoz\u00e1s\u00e1nak c\u00e9lja egy olyan platform megalkot\u00e1sa ahol az oktat\u00f3k \u00e9s di\u00e1kok egym\u00e1sra tal\u00e1lhatnak lak\u00f3helyt\u0151l f\u00fcggetlen\u00fcl, glob\u00e1lisan az eg\u00e9sz vil\u00e1gban. Ez\u00e1ltal seg\u00edts\u00e9get k\u00edn\u00e1lunk a tan\u00e1roknak \u00e9s a di\u00e1koknak egyar\u00e1nt, hogy szabadon v\u00e1logathassanak belf\u00f6ldi \u00e9s k\u00fclf\u00f6ldi palett\u00e1n egyar\u00e1nt. Rem\u00e9lj\u00fck \u00f6r\u00f6m\u00f6det leled az oldal haszn\u00e1lat\u00e1ban \u00e9s hossz\u00fa t\u00e1von<\/p>\n","protected":false},"author":2,"featured_media":0,"parent":0,"menu_order":0,"comment_status":"closed","ping_status":"closed","template":"","meta":{"footnotes":""},"_links":{"self":[{"href":"https:\/\/vostrotutor.com\/hu\/wp-json\/wp\/v2\/pages\/2569"}],"collection":[{"href":"https:\/\/vostrotutor.com\/hu\/wp-json\/wp\/v2\/pages"}],"about":[{"href":"https:\/\/vostrotutor.com\/hu\/wp-json\/wp\/v2\/types\/page"}],"author":[{"embeddable":true,"href":"https:\/\/vostrotutor.com\/hu\/wp-json\/wp\/v2\/users\/2"}],"replies":[{"embeddable":true,"href":"https:\/\/vostrotutor.com\/hu\/wp-json\/wp\/v2\/comments?post=2569"}],"version-history":[{"count":6,"href":"https:\/\/vostrotutor.com\/hu\/wp-json\/wp\/v2\/pages\/2569\/revisions"}],"predecessor-version":[{"id":2712,"href":"https:\/\/vostrotutor.com\/hu\/wp-json\/wp\/v2\/pages\/2569\/revisions\/2712"}],"wp:attachment":[{"href":"https:\/\/vostrotutor.com\/hu\/wp-json\/wp\/v2\/media?parent=2569"}],"curies":[{"name":"wp","href":"https:\/\/api.w.org\/{rel}","templated":true}]}}