{"id":2571,"date":"2022-03-01T13:16:39","date_gmt":"2022-03-01T11:16:39","guid":{"rendered":"https:\/\/vostrotutor.com\/kapcsolat\/"},"modified":"2023-07-31T11:21:31","modified_gmt":"2023-07-31T09:21:31","slug":"kapcsolat","status":"publish","type":"page","link":"https:\/\/vostrotutor.com\/hu\/kapcsolat\/","title":{"rendered":"Kapcsolat"},"content":{"rendered":"\t\t<div data-elementor-type=\"wp-page\" data-elementor-id=\"2571\" class=\"elementor elementor-2571 elementor-263\" data-elementor-post-type=\"page\">\n\t\t\t\t\t\t\t\t\t<section class=\"elementor-section elementor-top-section elementor-element elementor-element-fb63c8b elementor-section-full_width elementor-section-height-default elementor-section-height-default\" data-id=\"fb63c8b\" data-element_type=\"section\" data-settings=\"{&quot;background_background&quot;:&quot;classic&quot;}\">\n\t\t\t\t\t\t<div class=\"elementor-container elementor-column-gap-no\">\n\t\t\t\t\t<div class=\"elementor-column elementor-col-100 elementor-top-column elementor-element elementor-element-f6cfcae\" data-id=\"f6cfcae\" data-element_type=\"column\">\n\t\t\t<div class=\"elementor-widget-wrap elementor-element-populated\">\n\t\t\t\t\t\t\t\t<div class=\"elementor-element elementor-element-51456da elementor-widget elementor-widget-tuturn_how_it_work\" data-id=\"51456da\" data-element_type=\"widget\" data-widget_type=\"tuturn_how_it_work.default\">\n\t\t\t\t<div class=\"elementor-widget-container\">\n\t\t\t            <div class=\"tu-main-section\">\r\n                <div class=\"container\">\r\n                                            <div class=\"row justify-content-center\">\r\n                            <div class=\"col-md-12 col-lg-8\">\r\n                                <div class=\"tu-maintitle text-center\">\r\n                                                                            <img decoding=\"async\" src=\"https:\/\/vostrotutor.com\/wp-content\/plugins\/tuturn\/public\/images\/zigzag-line.svg\" alt=\"\">\r\n                                                                                                                <h2>Kapcsolatok<\/h2>\r\n                                                                    <\/div>\r\n                            <\/div> \r\n                        <\/div>\r\n                                                        <\/div>\r\n            <\/div>\r\n        \t\t<\/div>\n\t\t\t\t<\/div>\n\t\t\t\t<div class=\"elementor-element elementor-element-62c7d8c elementor-widget elementor-widget-tuturn_submit_question\" data-id=\"62c7d8c\" data-element_type=\"widget\" data-widget_type=\"tuturn_submit_question.default\">\n\t\t\t\t<div class=\"elementor-widget-container\">\n\t\t\t                <div class=\"tu-submit-question tu-faq-section\">\r\n                     <div class=\"container\">\r\n                        <div class=\"row justify-content-center\">\r\n                            <div class=\"col-xl-10 col-md-12\">\r\n                                <div class=\"tu-question-section\">\r\n                                    <div class=\"tu-faq-search_title\">\r\n                                                                                    <h5>Nem tal\u00e1lod a v\u00e1laszt?<\/h5>\r\n                                                                                        <h2>\u00cdrd meg nek\u00fcnk k\u00e9rd\u00e9sed<\/h2>\r\n                                                                                                                            <div class=\"tu-question_desc\">\r\n                                                <p>\n\n<\/p>\r\n                                            <\/div>\r\n                                                                            <\/div>\r\n                                                                            <a href=\"javascript:void(0)\" data-bs-toggle=\"modal\" data-bs-target=\"#submitquestion\" class=\"tu-primbtn-lg\"><span>K\u00e9rd\u00e9s k\u00fcld\u00e9se<\/span><i class=\"icon icon-edit-3\"><\/i><\/a>\r\n                                                                    <\/div>\r\n                            <\/div>\r\n                        <\/div>\r\n                    <\/div>\r\n                <\/div>\r\n                                    <div class=\"modal fade tu-profilepopup tu-submitpopup\" id=\"submitquestion\" tabindex=\"-1\" role=\"dialog\" aria-hidden=\"true\">\r\n                        <div class=\"modal-dialog tu-modaldialog\" role=\"document\">\r\n                            <div class=\"modal-content\">\r\n                                <div class=\"tu-popuptitle\">\r\n                                    <h4>Seg\u00edts\u00e9gre van sz\u00fcks\u00e9ged?<\/h4>\r\n                                    <a href=\"javascript:void(0);\" class=\"close\"><i class=\"icon icon-x\" data-bs-dismiss=\"modal\"><\/i><\/a>\r\n                                <\/div>\r\n                                <div class=\"modal-body\">\r\n                                    \n<div class=\"wpcf7 no-js\" id=\"wpcf7-f2631-o1\" lang=\"hu-HU\" dir=\"ltr\">\n<div class=\"screen-reader-response\"><p role=\"status\" aria-live=\"polite\" aria-atomic=\"true\"><\/p> <ul><\/ul><\/div>\n<form action=\"\/hu\/wp-json\/wp\/v2\/pages\/2571#wpcf7-f2631-o1\" method=\"post\" class=\"wpcf7-form init\" aria-label=\"Kapcsolatfelv\u00e9teli \u0171rlap\" novalidate=\"novalidate\" data-status=\"init\">\n<div style=\"display: none;\">\n<input type=\"hidden\" name=\"_wpcf7\" value=\"2631\" \/>\n<input type=\"hidden\" name=\"_wpcf7_version\" value=\"5.8.1\" \/>\n<input type=\"hidden\" name=\"_wpcf7_locale\" value=\"hu_HU\" \/>\n<input type=\"hidden\" name=\"_wpcf7_unit_tag\" value=\"wpcf7-f2631-o1\" \/>\n<input type=\"hidden\" name=\"_wpcf7_container_post\" value=\"0\" \/>\n<input type=\"hidden\" name=\"_wpcf7_posted_data_hash\" value=\"\" \/>\n<\/div>\n<div class=\"form-group-wrap\">\n\t<div class=\"form-group form-group-half\">\n\t\t<p><label class=\"sv-label\">Teljes n\u00e9v<\/label><br \/>\n<span class=\"wpcf7-form-control-wrap\" data-name=\"your-name\"><input size=\"40\" class=\"wpcf7-form-control wpcf7-text wpcf7-validates-as-required\" aria-required=\"true\" aria-invalid=\"false\" placeholder=\"\u00cdrd be a teljes neved\" value=\"\" type=\"text\" name=\"your-name\" \/><\/span>\n\t\t<\/p>\n\t<\/div>\n\t<div class=\"form-group form-group-half\">\n\t\t<p><label class=\"sv-label\">Email c\u00edm<\/label><br \/>\n<span class=\"wpcf7-form-control-wrap\" data-name=\"your-email\"><input size=\"40\" class=\"wpcf7-form-control wpcf7-email wpcf7-validates-as-required wpcf7-text wpcf7-validates-as-email\" aria-required=\"true\" aria-invalid=\"false\" placeholder=\"\u00cdrd be az email c\u00edmed\" value=\"\" type=\"email\" name=\"your-email\" \/><\/span>\n\t\t<\/p>\n\t<\/div>\n\t<div class=\"form-group\">\n\t\t<p><label class=\"sv-label\">Lev\u00e9l t\u00e1rgya<\/label><br \/>\n<span class=\"wpcf7-form-control-wrap\" data-name=\"your-subject\"><input size=\"40\" class=\"wpcf7-form-control wpcf7-text wpcf7-validates-as-required\" aria-required=\"true\" aria-invalid=\"false\" placeholder=\"\u00cdrd be a lev\u00e9l t\u00e1rgy\u00e1t\" value=\"\" type=\"text\" name=\"your-subject\" \/><\/span>\n\t\t<\/p>\n\t<\/div>\n\t<div class=\"form-group\">\n\t\t<p><label class=\"sv-label\">Tartalom<\/label><br \/>\n<span class=\"wpcf7-form-control-wrap\" data-name=\"your-message\"><textarea cols=\"40\" rows=\"10\" class=\"wpcf7-form-control wpcf7-textarea wpcf7-validates-as-required\" aria-required=\"true\" aria-invalid=\"false\" placeholder=\"Ide \u00edrd k\u00e9rd\u00e9sed\/\u00e9szrev\u00e9teled\" name=\"your-message\"><\/textarea><\/span>\n\t\t<\/p>\n\t<\/div>\n\t<div class=\"form-group sv-btnarearight sv-btnarearightvtwo\">\n\t\t<div class=\"sv-check sv-checkvtwo\">\n\t\t\t<p><span class=\"wpcf7-form-control-wrap\" data-name=\"terms-condition\"><span class=\"wpcf7-form-control wpcf7-checkbox wpcf7-validates-as-required\"><span class=\"wpcf7-list-item first last\"><label><input type=\"checkbox\" name=\"terms-condition[]\" value=\"Meg\u00e9rtettem \u00e9s elolvastam az Adatv\u00e9delmi t\u00e1j\u00e9koztat\u00f3t.\" \/><span class=\"wpcf7-list-item-label\">Meg\u00e9rtettem \u00e9s elolvastam az Adatv\u00e9delmi t\u00e1j\u00e9koztat\u00f3t.<\/span><\/label><\/span><\/span><\/span>\n\t\t\t<\/p>\n\t\t<\/div>\n\t\t<p><input class=\"wpcf7-form-control wpcf7-submit has-spinner\" type=\"submit\" value=\"K\u00fcld\u00e9s\" \/>\n\t\t<\/p>\n\t<\/div>\n<\/div><div class=\"wpcf7-response-output\" aria-hidden=\"true\"><\/div>\n<\/form>\n<\/div>\n                                <\/div>\r\n                            <\/div>\r\n                        <\/div>\r\n                    <\/div>\r\n                    \t\t<\/div>\n\t\t\t\t<\/div>\n\t\t\t\t\t<\/div>\n\t\t<\/div>\n\t\t\t\t\t\t\t<\/div>\n\t\t<\/section>\n\t\t\t\t\t\t\t<\/div>\n\t\t","protected":false},"excerpt":{"rendered":"<p>Kapcsolatok Nem tal\u00e1lod a v\u00e1laszt? \u00cdrd meg nek\u00fcnk k\u00e9rd\u00e9sed K\u00e9rd\u00e9s k\u00fcld\u00e9se Seg\u00edts\u00e9gre van sz\u00fcks\u00e9ged? Teljes n\u00e9v Email c\u00edm Lev\u00e9l t\u00e1rgya Tartalom I have read and agree to all Terms &amp; conditions<\/p>\n","protected":false},"author":1,"featured_media":0,"parent":0,"menu_order":0,"comment_status":"closed","ping_status":"closed","template":"","meta":{"footnotes":""},"_links":{"self":[{"href":"https:\/\/vostrotutor.com\/hu\/wp-json\/wp\/v2\/pages\/2571"}],"collection":[{"href":"https:\/\/vostrotutor.com\/hu\/wp-json\/wp\/v2\/pages"}],"about":[{"href":"https:\/\/vostrotutor.com\/hu\/wp-json\/wp\/v2\/types\/page"}],"author":[{"embeddable":true,"href":"https:\/\/vostrotutor.com\/hu\/wp-json\/wp\/v2\/users\/1"}],"replies":[{"embeddable":true,"href":"https:\/\/vostrotutor.com\/hu\/wp-json\/wp\/v2\/comments?post=2571"}],"version-history":[{"count":7,"href":"https:\/\/vostrotutor.com\/hu\/wp-json\/wp\/v2\/pages\/2571\/revisions"}],"predecessor-version":[{"id":2810,"href":"https:\/\/vostrotutor.com\/hu\/wp-json\/wp\/v2\/pages\/2571\/revisions\/2810"}],"wp:attachment":[{"href":"https:\/\/vostrotutor.com\/hu\/wp-json\/wp\/v2\/media?parent=2571"}],"curies":[{"name":"wp","href":"https:\/\/api.w.org\/{rel}","templated":true}]}}