{"id":2575,"date":"2023-06-14T14:56:05","date_gmt":"2023-06-14T12:56:05","guid":{"rendered":"https:\/\/vostrotutor.com\/diakoknak\/"},"modified":"2023-07-31T11:12:37","modified_gmt":"2023-07-31T09:12:37","slug":"diakoknak","status":"publish","type":"page","link":"https:\/\/vostrotutor.com\/hu\/diakoknak\/","title":{"rendered":"Di\u00e1koknak"},"content":{"rendered":"\t\t<div data-elementor-type=\"wp-page\" data-elementor-id=\"2575\" class=\"elementor elementor-2575 elementor-1986\" data-elementor-post-type=\"page\">\n\t\t\t\t\t\t\t\t\t<section class=\"elementor-section elementor-top-section elementor-element elementor-element-fb7d29a elementor-section-full_width elementor-section-stretched elementor-section-height-default elementor-section-height-default\" data-id=\"fb7d29a\" data-element_type=\"section\" data-settings=\"{&quot;stretch_section&quot;:&quot;section-stretched&quot;}\">\n\t\t\t\t\t\t<div class=\"elementor-container elementor-column-gap-default\">\n\t\t\t\t\t<div class=\"elementor-column elementor-col-100 elementor-top-column elementor-element elementor-element-fc7bf1b\" data-id=\"fc7bf1b\" data-element_type=\"column\">\n\t\t\t<div class=\"elementor-widget-wrap elementor-element-populated\">\n\t\t\t\t\t\t\t\t<div class=\"elementor-element elementor-element-238f87f elementor-widget elementor-widget-tuturn_how_work_get_started\" data-id=\"238f87f\" data-element_type=\"widget\" data-widget_type=\"tuturn_how_work_get_started.default\">\n\t\t\t\t<div class=\"elementor-widget-container\">\n\t\t\t            <div class=\"tu-main-section\">\r\n                <div class=\"container\">\r\n                    <div class=\"row justify-content-center\">\r\n                        <div class=\"col-md-12 col-lg-8\">\r\n                                                            <div class=\"tu-maintitle text-center\">\r\n                                                                            <img decoding=\"async\" src=\"https:\/\/vostrotutor.com\/wp-content\/plugins\/tuturn\/public\/images\/zigzag-line.svg\" alt=\"Di\u00e1kok\">\r\n                                                                                                                <h4>Di\u00e1kok<\/h4>\r\n                                                                            <h2>Hogyan m\u0171k\u00f6dik?<\/h2>\r\n                                                                            <p>Di\u00e1kok sz\u00e1m\u00e1ra teljesen ingyenes haszn\u00e1lhat\u00f3 az oldal, bele\u00e9rtve regisztr\u00e1ci\u00f3, tan\u00e1r keres\u00e9s, kapcsolatfelv\u00e9tel, ingyenes oktat\u00e1si anyagokhoz val\u00f3 hozz\u00e1f\u00e9r\u00e9s. <\/p>\r\n                                                                    <\/div>\r\n                                                    <\/div>\r\n                    <\/div>\r\n                <\/div>\r\n            <\/div> \r\n            \t\t<\/div>\n\t\t\t\t<\/div>\n\t\t\t\t<div class=\"elementor-element elementor-element-de3dc26 elementor-widget-tablet__width-initial elementor-widget elementor-widget-image\" data-id=\"de3dc26\" data-element_type=\"widget\" data-widget_type=\"image.default\">\n\t\t\t\t<div class=\"elementor-widget-container\">\n\t\t\t<style>\/*! elementor - v3.16.0 - 17-10-2023 *\/\n.elementor-widget-image{text-align:center}.elementor-widget-image a{display:inline-block}.elementor-widget-image a img[src$=\".svg\"]{width:48px}.elementor-widget-image img{vertical-align:middle;display:inline-block}<\/style>\t\t\t\t\t\t\t\t\t\t\t\t<img decoding=\"async\" width=\"1024\" height=\"310\" src=\"https:\/\/vostrotutor.com\/wp-content\/uploads\/2023\/06\/vt-student-hero-1024x310.png\" class=\"attachment-large size-large wp-image-1992\" alt=\"\" srcset=\"https:\/\/vostrotutor.com\/wp-content\/uploads\/2023\/06\/vt-student-hero-1024x310.png 1024w, https:\/\/vostrotutor.com\/wp-content\/uploads\/2023\/06\/vt-student-hero-300x91.png 300w, https:\/\/vostrotutor.com\/wp-content\/uploads\/2023\/06\/vt-student-hero-768x232.png 768w, https:\/\/vostrotutor.com\/wp-content\/uploads\/2023\/06\/vt-student-hero-600x181.png 600w, https:\/\/vostrotutor.com\/wp-content\/uploads\/2023\/06\/vt-student-hero.png 1035w\" sizes=\"(max-width: 1024px) 100vw, 1024px\" \/>\t\t\t\t\t\t\t\t\t\t\t\t\t\t\t<\/div>\n\t\t\t\t<\/div>\n\t\t\t\t\t<\/div>\n\t\t<\/div>\n\t\t\t\t\t\t\t<\/div>\n\t\t<\/section>\n\t\t\t\t<section class=\"elementor-section elementor-top-section elementor-element elementor-element-d61d59b elementor-section-boxed elementor-section-height-default elementor-section-height-default\" data-id=\"d61d59b\" data-element_type=\"section\" data-settings=\"{&quot;background_background&quot;:&quot;classic&quot;}\">\n\t\t\t\t\t\t<div class=\"elementor-container elementor-column-gap-default\">\n\t\t\t\t\t<div class=\"elementor-column elementor-col-100 elementor-top-column elementor-element elementor-element-4e36fde\" data-id=\"4e36fde\" data-element_type=\"column\">\n\t\t\t<div class=\"elementor-widget-wrap elementor-element-populated\">\n\t\t\t\t\t\t\t\t<div class=\"elementor-element elementor-element-7631dff elementor-widget elementor-widget-text-editor\" data-id=\"7631dff\" data-element_type=\"widget\" data-widget_type=\"text-editor.default\">\n\t\t\t\t<div class=\"elementor-widget-container\">\n\t\t\t<style>\/*! elementor - v3.16.0 - 17-10-2023 *\/\n.elementor-widget-text-editor.elementor-drop-cap-view-stacked .elementor-drop-cap{background-color:#69727d;color:#fff}.elementor-widget-text-editor.elementor-drop-cap-view-framed .elementor-drop-cap{color:#69727d;border:3px solid;background-color:transparent}.elementor-widget-text-editor:not(.elementor-drop-cap-view-default) .elementor-drop-cap{margin-top:8px}.elementor-widget-text-editor:not(.elementor-drop-cap-view-default) .elementor-drop-cap-letter{width:1em;height:1em}.elementor-widget-text-editor .elementor-drop-cap{float:left;text-align:center;line-height:1;font-size:50px}.elementor-widget-text-editor .elementor-drop-cap-letter{display:inline-block}<\/style>\t\t\t\t<p><b>Hogyan tudsz tan\u00e1rt keresni?<\/b><br \/>A Tan\u00e1r keres\u00e9s men\u00fcpontban tal\u00e1lhat\u00f3ak meg a t\u00e1rgyak , ezen bel\u00fcl kiv\u00e1laszthatod a keresett t\u00e1rgyat \u00e9s tan\u00e1rt.<\/p><p><b>Hogyan tudok kapcsolatba l\u00e9pni a tan\u00e1rral?<\/b><br \/>A Tan\u00e1r keres\u00e9s men\u00fcpontban kiv\u00e1laszthatod a szimpatikusnak v\u00e9lt tan\u00e1rt. A tan\u00e1rok adatlapj\u00e1n felt\u00fcntetett el\u00e9rhet\u0151s\u00e9gek egyik\u00e9n tudod vele felvenni a kapcsolatot, ha adott meg ilyen adatot vagy k\u00f6zvetlen\u00fcl az oldalon kereszt\u00fcl is tudsz neki \u00fczenetet k\u00fcldeni a di\u00e1k regisztr\u00e1ci\u00f3t k\u00f6vet\u0151en.<\/p><p><b>Hogyan tudok tan\u00e1rkeres\u00e9si ig\u00e9nyt k\u00f6zz\u00e9tenni az oldalon?<\/b><br \/>Els\u0151k\u00e9nt regisztr\u00e1lnod kell, mint di\u00e1k , ezt k\u00f6vet\u0151en tudsz hirdet\u00e9st feladni, melyben meghat\u00e1rozhatod a keresend\u0151 t\u00e1rgyat , az oktat\u00e1s helysz\u00edn\u00e9t, az \u00f3rad\u00edjat, stb.<\/p>\t\t\t\t\t\t<\/div>\n\t\t\t\t<\/div>\n\t\t\t\t<div class=\"elementor-element elementor-element-0cdbb72 elementor-widget elementor-widget-tuturn_how_work_get_started\" data-id=\"0cdbb72\" data-element_type=\"widget\" data-widget_type=\"tuturn_how_work_get_started.default\">\n\t\t\t\t<div class=\"elementor-widget-container\">\n\t\t\t            <div class=\"tu-main-section\">\r\n                <div class=\"container\">\r\n                    <div class=\"row justify-content-center\">\r\n                        <div class=\"col-md-12 col-lg-8\">\r\n                                                                <ul class=\"tu-banner_list tu-banner_list-two\">\r\n                                                                                    <li>\r\n                                                <a href=\"https:\/\/vostrotutor.com\/hu\/oktatok\/\" class=\"tu-primbtn tu-primbtn-gradient\"><span>Keress egy tan\u00e1rt<\/span><i class=\"icon icon-chevron-right\"><\/i><\/a>\r\n                                            <\/li>\r\n                                                                                    <li>\r\n                                                <a href=\"https:\/\/vostrotutor.com\/hu\/regisztracio\/\" class=\"tu-secbtn\"><span>Regisztr\u00e1ci\u00f3<\/span><em>Ingyenes!<\/em><\/a>\r\n                                            <\/li>\r\n                                                                            <\/ul>\r\n                                                        <\/div>\r\n                    <\/div>\r\n                <\/div>\r\n            <\/div> \r\n            \t\t<\/div>\n\t\t\t\t<\/div>\n\t\t\t\t\t<\/div>\n\t\t<\/div>\n\t\t\t\t\t\t\t<\/div>\n\t\t<\/section>\n\t\t\t\t<section class=\"elementor-section elementor-top-section elementor-element elementor-element-5538c99 elementor-section-full_width elementor-section-height-default elementor-section-height-default\" data-id=\"5538c99\" data-element_type=\"section\" data-settings=\"{&quot;background_background&quot;:&quot;classic&quot;}\">\n\t\t\t\t\t\t<div class=\"elementor-container elementor-column-gap-no\">\n\t\t\t\t\t<div class=\"elementor-column elementor-col-100 elementor-top-column elementor-element elementor-element-33fa960\" data-id=\"33fa960\" data-element_type=\"column\">\n\t\t\t<div class=\"elementor-widget-wrap elementor-element-populated\">\n\t\t\t\t\t\t\t\t<div class=\"elementor-element elementor-element-7170796 elementor-widget elementor-widget-tuturn_submit_question\" data-id=\"7170796\" data-element_type=\"widget\" data-widget_type=\"tuturn_submit_question.default\">\n\t\t\t\t<div class=\"elementor-widget-container\">\n\t\t\t                <div class=\"tu-submit-question tu-faq-section\">\r\n                     <div class=\"container\">\r\n                        <div class=\"row justify-content-center\">\r\n                            <div class=\"col-xl-10 col-md-12\">\r\n                                <div class=\"tu-question-section\">\r\n                                    <div class=\"tu-faq-search_title\">\r\n                                                                                    <h5>Nem tal\u00e1lod a v\u00e1laszt?<\/h5>\r\n                                                                                        <h2>\u00cdrd meg nek\u00fcnk k\u00e9rd\u00e9sed<\/h2>\r\n                                                                                                                    <\/div>\r\n                                                                            <a href=\"javascript:void(0)\" data-bs-toggle=\"modal\" data-bs-target=\"#submitquestion\" class=\"tu-primbtn-lg\"><span>K\u00e9rd\u00e9s k\u00fcld\u00e9se<\/span><i class=\"icon icon-edit-3\"><\/i><\/a>\r\n                                                                    <\/div>\r\n                            <\/div>\r\n                        <\/div>\r\n                    <\/div>\r\n                <\/div>\r\n                                    <div class=\"modal fade tu-profilepopup tu-submitpopup\" id=\"submitquestion\" tabindex=\"-1\" role=\"dialog\" aria-hidden=\"true\">\r\n                        <div class=\"modal-dialog tu-modaldialog\" role=\"document\">\r\n                            <div class=\"modal-content\">\r\n                                <div class=\"tu-popuptitle\">\r\n                                    <h4>Seg\u00edts\u00e9gre van sz\u00fcks\u00e9ged?<\/h4>\r\n                                    <a href=\"javascript:void(0);\" class=\"close\"><i class=\"icon icon-x\" data-bs-dismiss=\"modal\"><\/i><\/a>\r\n                                <\/div>\r\n                                <div class=\"modal-body\">\r\n                                    \n<div class=\"wpcf7 no-js\" id=\"wpcf7-f2631-o1\" lang=\"hu-HU\" dir=\"ltr\">\n<div class=\"screen-reader-response\"><p role=\"status\" aria-live=\"polite\" aria-atomic=\"true\"><\/p> <ul><\/ul><\/div>\n<form action=\"\/hu\/wp-json\/wp\/v2\/pages\/2575#wpcf7-f2631-o1\" method=\"post\" class=\"wpcf7-form init\" aria-label=\"Kapcsolatfelv\u00e9teli \u0171rlap\" novalidate=\"novalidate\" data-status=\"init\">\n<div style=\"display: none;\">\n<input type=\"hidden\" name=\"_wpcf7\" value=\"2631\" \/>\n<input type=\"hidden\" name=\"_wpcf7_version\" value=\"5.8.1\" \/>\n<input type=\"hidden\" name=\"_wpcf7_locale\" value=\"hu_HU\" \/>\n<input type=\"hidden\" name=\"_wpcf7_unit_tag\" value=\"wpcf7-f2631-o1\" \/>\n<input type=\"hidden\" name=\"_wpcf7_container_post\" value=\"0\" \/>\n<input type=\"hidden\" name=\"_wpcf7_posted_data_hash\" value=\"\" \/>\n<\/div>\n<div class=\"form-group-wrap\">\n\t<div class=\"form-group form-group-half\">\n\t\t<p><label class=\"sv-label\">Teljes n\u00e9v<\/label><br \/>\n<span class=\"wpcf7-form-control-wrap\" data-name=\"your-name\"><input size=\"40\" class=\"wpcf7-form-control wpcf7-text wpcf7-validates-as-required\" aria-required=\"true\" aria-invalid=\"false\" placeholder=\"\u00cdrd be a teljes neved\" value=\"\" type=\"text\" name=\"your-name\" \/><\/span>\n\t\t<\/p>\n\t<\/div>\n\t<div class=\"form-group form-group-half\">\n\t\t<p><label class=\"sv-label\">Email c\u00edm<\/label><br \/>\n<span class=\"wpcf7-form-control-wrap\" data-name=\"your-email\"><input size=\"40\" class=\"wpcf7-form-control wpcf7-email wpcf7-validates-as-required wpcf7-text wpcf7-validates-as-email\" aria-required=\"true\" aria-invalid=\"false\" placeholder=\"\u00cdrd be az email c\u00edmed\" value=\"\" type=\"email\" name=\"your-email\" \/><\/span>\n\t\t<\/p>\n\t<\/div>\n\t<div class=\"form-group\">\n\t\t<p><label class=\"sv-label\">Lev\u00e9l t\u00e1rgya<\/label><br \/>\n<span class=\"wpcf7-form-control-wrap\" data-name=\"your-subject\"><input size=\"40\" class=\"wpcf7-form-control wpcf7-text wpcf7-validates-as-required\" aria-required=\"true\" aria-invalid=\"false\" placeholder=\"\u00cdrd be a lev\u00e9l t\u00e1rgy\u00e1t\" value=\"\" type=\"text\" name=\"your-subject\" \/><\/span>\n\t\t<\/p>\n\t<\/div>\n\t<div class=\"form-group\">\n\t\t<p><label class=\"sv-label\">Tartalom<\/label><br \/>\n<span class=\"wpcf7-form-control-wrap\" data-name=\"your-message\"><textarea cols=\"40\" rows=\"10\" class=\"wpcf7-form-control wpcf7-textarea wpcf7-validates-as-required\" aria-required=\"true\" aria-invalid=\"false\" placeholder=\"Ide \u00edrd k\u00e9rd\u00e9sed\/\u00e9szrev\u00e9teled\" name=\"your-message\"><\/textarea><\/span>\n\t\t<\/p>\n\t<\/div>\n\t<div class=\"form-group sv-btnarearight sv-btnarearightvtwo\">\n\t\t<div class=\"sv-check sv-checkvtwo\">\n\t\t\t<p><span class=\"wpcf7-form-control-wrap\" data-name=\"terms-condition\"><span class=\"wpcf7-form-control wpcf7-checkbox wpcf7-validates-as-required\"><span class=\"wpcf7-list-item first last\"><label><input type=\"checkbox\" name=\"terms-condition[]\" value=\"Meg\u00e9rtettem \u00e9s elolvastam az Adatv\u00e9delmi t\u00e1j\u00e9koztat\u00f3t.\" \/><span class=\"wpcf7-list-item-label\">Meg\u00e9rtettem \u00e9s elolvastam az Adatv\u00e9delmi t\u00e1j\u00e9koztat\u00f3t.<\/span><\/label><\/span><\/span><\/span>\n\t\t\t<\/p>\n\t\t<\/div>\n\t\t<p><input class=\"wpcf7-form-control wpcf7-submit has-spinner\" type=\"submit\" value=\"K\u00fcld\u00e9s\" \/>\n\t\t<\/p>\n\t<\/div>\n<\/div><div class=\"wpcf7-response-output\" aria-hidden=\"true\"><\/div>\n<\/form>\n<\/div>\n                                <\/div>\r\n                            <\/div>\r\n                        <\/div>\r\n                    <\/div>\r\n                    \t\t<\/div>\n\t\t\t\t<\/div>\n\t\t\t\t\t<\/div>\n\t\t<\/div>\n\t\t\t\t\t\t\t<\/div>\n\t\t<\/section>\n\t\t\t\t\t\t\t<\/div>\n\t\t","protected":false},"excerpt":{"rendered":"<p>Di\u00e1kok Hogyan m\u0171k\u00f6dik? Di\u00e1kok sz\u00e1m\u00e1ra teljesen ingyenes haszn\u00e1lhat\u00f3 az oldal, bele\u00e9rtve regisztr\u00e1ci\u00f3, tan\u00e1r keres\u00e9s, kapcsolatfelv\u00e9tel, ingyenes oktat\u00e1si anyagokhoz val\u00f3 hozz\u00e1f\u00e9r\u00e9s. Hogyan tudsz tan\u00e1rt keresni?A Tan\u00e1r keres\u00e9s men\u00fcpontban tal\u00e1lhat\u00f3ak meg a t\u00e1rgyak , ezen bel\u00fcl kiv\u00e1laszthatod a keresett t\u00e1rgyat \u00e9s tan\u00e1rt. Hogyan tudok kapcsolatba l\u00e9pni a tan\u00e1rral?A Tan\u00e1r keres\u00e9s men\u00fcpontban kiv\u00e1laszthatod a<\/p>\n","protected":false},"author":2,"featured_media":0,"parent":0,"menu_order":0,"comment_status":"closed","ping_status":"closed","template":"","meta":{"footnotes":""},"_links":{"self":[{"href":"https:\/\/vostrotutor.com\/hu\/wp-json\/wp\/v2\/pages\/2575"}],"collection":[{"href":"https:\/\/vostrotutor.com\/hu\/wp-json\/wp\/v2\/pages"}],"about":[{"href":"https:\/\/vostrotutor.com\/hu\/wp-json\/wp\/v2\/types\/page"}],"author":[{"embeddable":true,"href":"https:\/\/vostrotutor.com\/hu\/wp-json\/wp\/v2\/users\/2"}],"replies":[{"embeddable":true,"href":"https:\/\/vostrotutor.com\/hu\/wp-json\/wp\/v2\/comments?post=2575"}],"version-history":[{"count":22,"href":"https:\/\/vostrotutor.com\/hu\/wp-json\/wp\/v2\/pages\/2575\/revisions"}],"predecessor-version":[{"id":2801,"href":"https:\/\/vostrotutor.com\/hu\/wp-json\/wp\/v2\/pages\/2575\/revisions\/2801"}],"wp:attachment":[{"href":"https:\/\/vostrotutor.com\/hu\/wp-json\/wp\/v2\/media?parent=2575"}],"curies":[{"name":"wp","href":"https:\/\/api.w.org\/{rel}","templated":true}]}}