{"id":2578,"date":"2023-06-28T08:36:28","date_gmt":"2023-06-28T06:36:28","guid":{"rendered":"https:\/\/vostrotutor.com\/oktatoknak-2\/"},"modified":"2023-07-31T10:19:49","modified_gmt":"2023-07-31T08:19:49","slug":"oktatoknak","status":"publish","type":"page","link":"https:\/\/vostrotutor.com\/hu\/oktatoknak\/","title":{"rendered":"Oktat\u00f3knak"},"content":{"rendered":"\t\t<div data-elementor-type=\"wp-page\" data-elementor-id=\"2578\" class=\"elementor elementor-2578 elementor-218\" data-elementor-post-type=\"page\">\n\t\t\t\t\t\t\t\t\t<section class=\"elementor-section elementor-top-section elementor-element elementor-element-d87c043 elementor-section-stretched elementor-section-boxed elementor-section-height-default elementor-section-height-default\" data-id=\"d87c043\" data-element_type=\"section\" data-settings=\"{&quot;stretch_section&quot;:&quot;section-stretched&quot;}\">\n\t\t\t\t\t\t<div class=\"elementor-container elementor-column-gap-default\">\n\t\t\t\t\t<div class=\"elementor-column elementor-col-50 elementor-top-column elementor-element elementor-element-151efde\" data-id=\"151efde\" data-element_type=\"column\">\n\t\t\t<div class=\"elementor-widget-wrap elementor-element-populated\">\n\t\t\t\t\t\t\t\t<div class=\"elementor-element elementor-element-977d00b elementor-widget elementor-widget-tuturn_how_work_get_started\" data-id=\"977d00b\" data-element_type=\"widget\" data-widget_type=\"tuturn_how_work_get_started.default\">\n\t\t\t\t<div class=\"elementor-widget-container\">\n\t\t\t            <div class=\"tu-main-section\">\r\n                <div class=\"container\">\r\n                    <div class=\"row justify-content-center\">\r\n                        <div class=\"col-md-12 col-lg-8\">\r\n                                                            <div class=\"tu-maintitle text-center\">\r\n                                                                            <img decoding=\"async\" src=\"https:\/\/vostrotutor.com\/wp-content\/plugins\/tuturn\/public\/images\/zigzag-line.svg\" alt=\"Tan\u00e1rok\">\r\n                                                                                                                <h4>Tan\u00e1rok<\/h4>\r\n                                                                            <h2>Hogyan m\u0171k\u00f6dik?<\/h2>\r\n                                                                            <p>Ha mag\u00e1ntan\u00e1r vagy de nincs el\u00e9g tan\u00edtv\u00e1nyod vagy kieg\u00e9sz\u00edt\u00e9sk\u00e9nt szeretn\u00e9l tan\u00edtani f\u0151\u00e1ll\u00e1s mellett akkor regisztr\u00e1lj az oldalra \u00e9s tal\u00e1lj tan\u00edtv\u00e1nyokat nemcsak Magyarorsz\u00e1gb\u00f3l, hanem az eg\u00e9sz vil\u00e1gb\u00f3l. A regisztr\u00e1ci\u00f3t k\u00f6vet\u0151en csak akkor v\u00e1lik a di\u00e1kok sz\u00e1m\u00e1ra l\u00e1that\u00f3v\u00e1 az adatlapod, ha el\u0151fizett\u00e9l. \n<\/p>\r\n                                                                    <\/div>\r\n                                                    <\/div>\r\n                    <\/div>\r\n                <\/div>\r\n            <\/div> \r\n            \t\t<\/div>\n\t\t\t\t<\/div>\n\t\t\t\t<div class=\"elementor-element elementor-element-cd43bbb elementor-align-center elementor-widget elementor-widget-button\" data-id=\"cd43bbb\" data-element_type=\"widget\" data-widget_type=\"button.default\">\n\t\t\t\t<div class=\"elementor-widget-container\">\n\t\t\t\t\t<div class=\"elementor-button-wrapper\">\n\t\t\t<a class=\"elementor-button elementor-button-link elementor-size-md\" href=\"#how-does-it-work\">\n\t\t\t\t\t\t<span class=\"elementor-button-content-wrapper\">\n\t\t\t\t\t\t<span class=\"elementor-button-text\">Hogyan m\u0171k\u00f6dik?<\/span>\n\t\t<\/span>\n\t\t\t\t\t<\/a>\n\t\t<\/div>\n\t\t\t\t<\/div>\n\t\t\t\t<\/div>\n\t\t\t\t\t<\/div>\n\t\t<\/div>\n\t\t\t\t<div class=\"elementor-column elementor-col-50 elementor-top-column elementor-element elementor-element-99940e8\" data-id=\"99940e8\" data-element_type=\"column\">\n\t\t\t<div class=\"elementor-widget-wrap elementor-element-populated\">\n\t\t\t\t\t\t\t\t<div class=\"elementor-element elementor-element-d507641 elementor-widget-tablet__width-initial elementor-widget elementor-widget-image\" data-id=\"d507641\" data-element_type=\"widget\" data-widget_type=\"image.default\">\n\t\t\t\t<div class=\"elementor-widget-container\">\n\t\t\t<style>\/*! elementor - v3.16.0 - 17-10-2023 *\/\n.elementor-widget-image{text-align:center}.elementor-widget-image a{display:inline-block}.elementor-widget-image a img[src$=\".svg\"]{width:48px}.elementor-widget-image img{vertical-align:middle;display:inline-block}<\/style>\t\t\t\t\t\t\t\t\t\t\t\t<img decoding=\"async\" width=\"524\" height=\"574\" src=\"https:\/\/vostrotutor.com\/wp-content\/uploads\/2023\/06\/vt-tuotor-hero.png\" class=\"attachment-large size-large wp-image-1982\" alt=\"\" srcset=\"https:\/\/vostrotutor.com\/wp-content\/uploads\/2023\/06\/vt-tuotor-hero.png 524w, https:\/\/vostrotutor.com\/wp-content\/uploads\/2023\/06\/vt-tuotor-hero-274x300.png 274w\" sizes=\"(max-width: 524px) 100vw, 524px\" \/>\t\t\t\t\t\t\t\t\t\t\t\t\t\t\t<\/div>\n\t\t\t\t<\/div>\n\t\t\t\t\t<\/div>\n\t\t<\/div>\n\t\t\t\t\t\t\t<\/div>\n\t\t<\/section>\n\t\t\t\t<section class=\"elementor-section elementor-top-section elementor-element elementor-element-8a3deb5 elementor-section-boxed elementor-section-height-default elementor-section-height-default\" data-id=\"8a3deb5\" data-element_type=\"section\">\n\t\t\t\t\t\t<div class=\"elementor-container elementor-column-gap-default\">\n\t\t\t\t\t<div class=\"elementor-column elementor-col-100 elementor-top-column elementor-element elementor-element-9d02430\" data-id=\"9d02430\" data-element_type=\"column\">\n\t\t\t<div class=\"elementor-widget-wrap elementor-element-populated\">\n\t\t\t\t\t\t\t\t<div class=\"elementor-element elementor-element-9d32219 elementor-widget elementor-widget-tuturn_how_it_work\" data-id=\"9d32219\" data-element_type=\"widget\" data-widget_type=\"tuturn_how_it_work.default\">\n\t\t\t\t<div class=\"elementor-widget-container\">\n\t\t\t            <div class=\"tu-main-section\">\r\n                <div class=\"container\">\r\n                                            <div class=\"row justify-content-center\">\r\n                            <div class=\"col-md-12 col-lg-8\">\r\n                                <div class=\"tu-maintitle text-center\">\r\n                                                                            <img decoding=\"async\" src=\"https:\/\/vostrotutor.com\/wp-content\/plugins\/tuturn\/public\/images\/zigzag-line.svg\" alt=\"\">\r\n                                                                                                                <h2>Oldalunk c\u00e9lja<\/h2>\r\n                                                                            <p>seg\u00edts\u00e9get ny\u00fajtani a di\u00e1kot keres\u0151 tan\u00e1rok \u00e9s a tan\u00e1rt keres\u0151 di\u00e1kok sz\u00e1m\u00e1ra, hogy megtal\u00e1lj\u00e1k egym\u00e1st az oldalunkon kereszt\u00fcl.<\/p>\r\n                                                                    <\/div>\r\n                            <\/div> \r\n                        <\/div>\r\n                                                        <\/div>\r\n            <\/div>\r\n        \t\t<\/div>\n\t\t\t\t<\/div>\n\t\t\t\t\t<\/div>\n\t\t<\/div>\n\t\t\t\t\t\t\t<\/div>\n\t\t<\/section>\n\t\t\t\t<section class=\"elementor-section elementor-top-section elementor-element elementor-element-f4bfd9e elementor-section-full_width elementor-section-stretched elementor-section-height-default elementor-section-height-default\" data-id=\"f4bfd9e\" data-element_type=\"section\" id=\"how-does-it-work\" data-settings=\"{&quot;stretch_section&quot;:&quot;section-stretched&quot;}\">\n\t\t\t\t\t\t<div class=\"elementor-container elementor-column-gap-no\">\n\t\t\t\t\t<div class=\"elementor-column elementor-col-100 elementor-top-column elementor-element elementor-element-d66af8a\" data-id=\"d66af8a\" data-element_type=\"column\">\n\t\t\t<div class=\"elementor-widget-wrap elementor-element-populated\">\n\t\t\t\t\t\t\t\t<div class=\"elementor-element elementor-element-624153b elementor-widget elementor-widget-tuturn_working_process\" data-id=\"624153b\" data-element_type=\"widget\" data-widget_type=\"tuturn_working_process.default\">\n\t\t\t\t<div class=\"elementor-widget-container\">\n\t\t\t                <div>\r\n                    <div class=\"tu-processing-holder\" style=\"background-image: url(https:\/\/vostrotutor.com\/wp-content\/uploads\/2023\/06\/vt-online-courses.jpg);\">\r\n                        <div class=\"tu-processing-img\"><\/div>\r\n                        <div class=\"tu-betterresult tu-processing-content\">\r\n                                                            <div class=\"tu-maintitle\">\r\n                                                                            <img decoding=\"async\" src=\"https:\/\/vostrotutor.com\/wp-content\/plugins\/tuturn\/public\/images\/zigzag-line.svg\" alt=\"image\">\r\n                                                                            <h4>Vostrotutor.com<\/h4>\r\n                                                                            <h2>Miben t\u00e9r el ez a tan\u00e1r-di\u00e1k k\u00f6zvet\u00edt\u0151 oldal a t\u00f6bbit\u0151l?<\/h2>\r\n                                                                    <\/div>\r\n                                                            <ul class=\"tu-processing-list\">\r\n                                                                                <li>\r\n                                                                                                    <div class=\"tu-processinglist-info\">\r\n                                                                                                                    <i class=\"icon icon-smile tu-iconpurple_bgclr\"><\/i>\r\n                                                                                                                    <h4>Honlapunk <\/h4>\r\n                                                                                                            <\/div>\r\n                                                                                                    <p>nem csak Magyarorsz\u00e1gon el\u00e9rhet\u0151 \u00e9s nem csak a magyarok sz\u00e1m\u00e1ra, hanem angol nyelven is k\u00fclf\u00f6ldieknek, b\u00e1rkinek az eg\u00e9sz vil\u00e1gon. Teh\u00e1t 2 nyelven el\u00e9rhet\u0151 magyarul \u00e9s angolul. Ez\u00e1ltal egy olyan egyedi lehet\u0151s\u00e9get k\u00edn\u00e1lunk a tan\u00e1rt \u00e9s di\u00e1kot keres\u0151k sz\u00e1m\u00e1ra ami egy kiz\u00e1r\u00f3lag csak magyarul m\u0171k\u00f6d\u0151 honlapon nem lenne el\u00e9rhet\u0151.<\/p>\r\n                                                                                            <\/li>\r\n                                                                                    <li>\r\n                                                                                                    <div class=\"tu-processinglist-info\">\r\n                                                                                                                    <i class=\"icon icon-smile tu-iconpurple_bgclr\"><\/i>\r\n                                                                                                                    <h4>Kinyitjuk a kapukat <\/h4>\r\n                                                                                                            <\/div>\r\n                                                                                                    <p>a di\u00e1kok sz\u00e1m\u00e1ra , hogy ne csak anyanyelv\u0171 tan\u00e1rokt\u00f3l saj\u00e1t\u00edts\u00e1k el a k\u00edv\u00e1nt ismereteket illetve a tan\u00e1roknak is nagyobb lehet\u0151s\u00e9get biztos\u00edt oldalunk , hogy min\u00e9l t\u00f6bb  tan\u00edtv\u00e1nyra tegyenek szert.<\/p>\r\n                                                                                            <\/li>\r\n                                                                        <\/ul>\r\n                                                    <\/div>\r\n                    <\/div>\r\n                <\/div>\r\n                \t\t<\/div>\n\t\t\t\t<\/div>\n\t\t\t\t\t<\/div>\n\t\t<\/div>\n\t\t\t\t\t\t\t<\/div>\n\t\t<\/section>\n\t\t\t\t<section class=\"elementor-section elementor-top-section elementor-element elementor-element-fcae2e1 elementor-section-boxed elementor-section-height-default elementor-section-height-default\" data-id=\"fcae2e1\" data-element_type=\"section\">\n\t\t\t\t\t\t<div class=\"elementor-container elementor-column-gap-no\">\n\t\t\t\t\t<div class=\"elementor-column elementor-col-100 elementor-top-column elementor-element elementor-element-3850ba5\" data-id=\"3850ba5\" data-element_type=\"column\">\n\t\t\t<div class=\"elementor-widget-wrap elementor-element-populated\">\n\t\t\t\t\t\t\t\t<div class=\"elementor-element elementor-element-99938d1 elementor-widget elementor-widget-tuturn_how_work_get_started\" data-id=\"99938d1\" data-element_type=\"widget\" data-widget_type=\"tuturn_how_work_get_started.default\">\n\t\t\t\t<div class=\"elementor-widget-container\">\n\t\t\t            <div class=\"tu-main-section\">\r\n                <div class=\"container\">\r\n                    <div class=\"row justify-content-center\">\r\n                        <div class=\"col-md-12 col-lg-8\">\r\n                                                                <ul class=\"tu-banner_list tu-banner_list-two\">\r\n                                                                                    <li>\r\n                                                <a href=\"https:\/\/vostrotutor.com\/hu\/arak\/\" class=\"tu-primbtn tu-primbtn-gradient\"><span>Oktat\u00f3i tervek megjelen\u00edt\u00e9se<\/span><i class=\"icon icon-chevron-right\"><\/i><\/a>\r\n                                            <\/li>\r\n                                                                                    <li>\r\n                                                <a href=\"https:\/\/vostrotutor.com\/hu\/regisztracio\/\" class=\"tu-secbtn\"><span>Legyen oktat\u00f3<\/span><em>Ingyenes!<\/em><\/a>\r\n                                            <\/li>\r\n                                                                            <\/ul>\r\n                                                        <\/div>\r\n                    <\/div>\r\n                <\/div>\r\n            <\/div> \r\n            \t\t<\/div>\n\t\t\t\t<\/div>\n\t\t\t\t\t<\/div>\n\t\t<\/div>\n\t\t\t\t\t\t\t<\/div>\n\t\t<\/section>\n\t\t\t\t<section class=\"elementor-section elementor-top-section elementor-element elementor-element-4f7c7f3 elementor-section-full_width elementor-section-height-default elementor-section-height-default\" data-id=\"4f7c7f3\" data-element_type=\"section\" data-settings=\"{&quot;background_background&quot;:&quot;classic&quot;}\">\n\t\t\t\t\t\t<div class=\"elementor-container elementor-column-gap-no\">\n\t\t\t\t\t<div class=\"elementor-column elementor-col-100 elementor-top-column elementor-element elementor-element-07f4503\" data-id=\"07f4503\" data-element_type=\"column\">\n\t\t\t<div class=\"elementor-widget-wrap elementor-element-populated\">\n\t\t\t\t\t\t\t\t<div class=\"elementor-element elementor-element-199fdab elementor-widget elementor-widget-tuturn_submit_question\" data-id=\"199fdab\" data-element_type=\"widget\" data-widget_type=\"tuturn_submit_question.default\">\n\t\t\t\t<div class=\"elementor-widget-container\">\n\t\t\t                <div class=\"tu-submit-question tu-faq-section\">\r\n                     <div class=\"container\">\r\n                        <div class=\"row justify-content-center\">\r\n                            <div class=\"col-xl-10 col-md-12\">\r\n                                <div class=\"tu-question-section\">\r\n                                    <div class=\"tu-faq-search_title\">\r\n                                                                                    <h5>Nem tal\u00e1lod a v\u00e1laszt?<\/h5>\r\n                                                                                        <h2>\u00cdrd meg nek\u00fcnk k\u00e9rd\u00e9sed<\/h2>\r\n                                                                                                                            <div class=\"tu-question_desc\">\r\n                                                <p>\n\n<\/p>\r\n                                            <\/div>\r\n                                                                            <\/div>\r\n                                                                            <a href=\"javascript:void(0)\" data-bs-toggle=\"modal\" data-bs-target=\"#submitquestion\" class=\"tu-primbtn-lg\"><span>K\u00e9rd\u00e9s k\u00fcld\u00e9se<\/span><i class=\"icon icon-edit-3\"><\/i><\/a>\r\n                                                                    <\/div>\r\n                            <\/div>\r\n                        <\/div>\r\n                    <\/div>\r\n                <\/div>\r\n                                    <div class=\"modal fade tu-profilepopup tu-submitpopup\" id=\"submitquestion\" tabindex=\"-1\" role=\"dialog\" aria-hidden=\"true\">\r\n                        <div class=\"modal-dialog tu-modaldialog\" role=\"document\">\r\n                            <div class=\"modal-content\">\r\n                                <div class=\"tu-popuptitle\">\r\n                                    <h4>Seg\u00edts\u00e9gre van sz\u00fcks\u00e9ged?<\/h4>\r\n                                    <a href=\"javascript:void(0);\" class=\"close\"><i class=\"icon icon-x\" data-bs-dismiss=\"modal\"><\/i><\/a>\r\n                                <\/div>\r\n                                <div class=\"modal-body\">\r\n                                    \n<div class=\"wpcf7 no-js\" id=\"wpcf7-f2631-o1\" lang=\"hu-HU\" dir=\"ltr\">\n<div class=\"screen-reader-response\"><p role=\"status\" aria-live=\"polite\" aria-atomic=\"true\"><\/p> <ul><\/ul><\/div>\n<form action=\"\/hu\/wp-json\/wp\/v2\/pages\/2578#wpcf7-f2631-o1\" method=\"post\" class=\"wpcf7-form init\" aria-label=\"Kapcsolatfelv\u00e9teli \u0171rlap\" novalidate=\"novalidate\" data-status=\"init\">\n<div style=\"display: none;\">\n<input type=\"hidden\" name=\"_wpcf7\" value=\"2631\" \/>\n<input type=\"hidden\" name=\"_wpcf7_version\" value=\"5.8.1\" \/>\n<input type=\"hidden\" name=\"_wpcf7_locale\" value=\"hu_HU\" \/>\n<input type=\"hidden\" name=\"_wpcf7_unit_tag\" value=\"wpcf7-f2631-o1\" \/>\n<input type=\"hidden\" name=\"_wpcf7_container_post\" value=\"0\" \/>\n<input type=\"hidden\" name=\"_wpcf7_posted_data_hash\" value=\"\" \/>\n<\/div>\n<div class=\"form-group-wrap\">\n\t<div class=\"form-group form-group-half\">\n\t\t<p><label class=\"sv-label\">Teljes n\u00e9v<\/label><br \/>\n<span class=\"wpcf7-form-control-wrap\" data-name=\"your-name\"><input size=\"40\" class=\"wpcf7-form-control wpcf7-text wpcf7-validates-as-required\" aria-required=\"true\" aria-invalid=\"false\" placeholder=\"\u00cdrd be a teljes neved\" value=\"\" type=\"text\" name=\"your-name\" \/><\/span>\n\t\t<\/p>\n\t<\/div>\n\t<div class=\"form-group form-group-half\">\n\t\t<p><label class=\"sv-label\">Email c\u00edm<\/label><br \/>\n<span class=\"wpcf7-form-control-wrap\" data-name=\"your-email\"><input size=\"40\" class=\"wpcf7-form-control wpcf7-email wpcf7-validates-as-required wpcf7-text wpcf7-validates-as-email\" aria-required=\"true\" aria-invalid=\"false\" placeholder=\"\u00cdrd be az email c\u00edmed\" value=\"\" type=\"email\" name=\"your-email\" \/><\/span>\n\t\t<\/p>\n\t<\/div>\n\t<div class=\"form-group\">\n\t\t<p><label class=\"sv-label\">Lev\u00e9l t\u00e1rgya<\/label><br \/>\n<span class=\"wpcf7-form-control-wrap\" data-name=\"your-subject\"><input size=\"40\" class=\"wpcf7-form-control wpcf7-text wpcf7-validates-as-required\" aria-required=\"true\" aria-invalid=\"false\" placeholder=\"\u00cdrd be a lev\u00e9l t\u00e1rgy\u00e1t\" value=\"\" type=\"text\" name=\"your-subject\" \/><\/span>\n\t\t<\/p>\n\t<\/div>\n\t<div class=\"form-group\">\n\t\t<p><label class=\"sv-label\">Tartalom<\/label><br \/>\n<span class=\"wpcf7-form-control-wrap\" data-name=\"your-message\"><textarea cols=\"40\" rows=\"10\" class=\"wpcf7-form-control wpcf7-textarea wpcf7-validates-as-required\" aria-required=\"true\" aria-invalid=\"false\" placeholder=\"Ide \u00edrd k\u00e9rd\u00e9sed\/\u00e9szrev\u00e9teled\" name=\"your-message\"><\/textarea><\/span>\n\t\t<\/p>\n\t<\/div>\n\t<div class=\"form-group sv-btnarearight sv-btnarearightvtwo\">\n\t\t<div class=\"sv-check sv-checkvtwo\">\n\t\t\t<p><span class=\"wpcf7-form-control-wrap\" data-name=\"terms-condition\"><span class=\"wpcf7-form-control wpcf7-checkbox wpcf7-validates-as-required\"><span class=\"wpcf7-list-item first last\"><label><input type=\"checkbox\" name=\"terms-condition[]\" value=\"Meg\u00e9rtettem \u00e9s elolvastam az Adatv\u00e9delmi t\u00e1j\u00e9koztat\u00f3t.\" \/><span class=\"wpcf7-list-item-label\">Meg\u00e9rtettem \u00e9s elolvastam az Adatv\u00e9delmi t\u00e1j\u00e9koztat\u00f3t.<\/span><\/label><\/span><\/span><\/span>\n\t\t\t<\/p>\n\t\t<\/div>\n\t\t<p><input class=\"wpcf7-form-control wpcf7-submit has-spinner\" type=\"submit\" value=\"K\u00fcld\u00e9s\" \/>\n\t\t<\/p>\n\t<\/div>\n<\/div><div class=\"wpcf7-response-output\" aria-hidden=\"true\"><\/div>\n<\/form>\n<\/div>\n                                <\/div>\r\n                            <\/div>\r\n                        <\/div>\r\n                    <\/div>\r\n                    \t\t<\/div>\n\t\t\t\t<\/div>\n\t\t\t\t\t<\/div>\n\t\t<\/div>\n\t\t\t\t\t\t\t<\/div>\n\t\t<\/section>\n\t\t\t\t\t\t\t<\/div>\n\t\t","protected":false},"excerpt":{"rendered":"<p>Tan\u00e1rok Hogyan m\u0171k\u00f6dik? Ha mag\u00e1ntan\u00e1r vagy de nincs el\u00e9g tan\u00edtv\u00e1nyod vagy kieg\u00e9sz\u00edt\u00e9sk\u00e9nt szeretn\u00e9l tan\u00edtani f\u0151\u00e1ll\u00e1s mellett akkor regisztr\u00e1lj az oldalra \u00e9s tal\u00e1lj tan\u00edtv\u00e1nyokat nemcsak Magyarorsz\u00e1gb\u00f3l, hanem az eg\u00e9sz vil\u00e1gb\u00f3l. A regisztr\u00e1ci\u00f3t k\u00f6vet\u0151en csak akkor v\u00e1lik a di\u00e1kok sz\u00e1m\u00e1ra l\u00e1that\u00f3v\u00e1 az adatlapod, ha el\u0151fizett\u00e9l. Hogyan m\u0171k\u00f6dik? Oldalunk c\u00e9lja seg\u00edts\u00e9get ny\u00fajtani a di\u00e1kot<\/p>\n","protected":false},"author":1,"featured_media":0,"parent":0,"menu_order":0,"comment_status":"closed","ping_status":"closed","template":"","meta":{"footnotes":""},"_links":{"self":[{"href":"https:\/\/vostrotutor.com\/hu\/wp-json\/wp\/v2\/pages\/2578"}],"collection":[{"href":"https:\/\/vostrotutor.com\/hu\/wp-json\/wp\/v2\/pages"}],"about":[{"href":"https:\/\/vostrotutor.com\/hu\/wp-json\/wp\/v2\/types\/page"}],"author":[{"embeddable":true,"href":"https:\/\/vostrotutor.com\/hu\/wp-json\/wp\/v2\/users\/1"}],"replies":[{"embeddable":true,"href":"https:\/\/vostrotutor.com\/hu\/wp-json\/wp\/v2\/comments?post=2578"}],"version-history":[{"count":19,"href":"https:\/\/vostrotutor.com\/hu\/wp-json\/wp\/v2\/pages\/2578\/revisions"}],"predecessor-version":[{"id":2746,"href":"https:\/\/vostrotutor.com\/hu\/wp-json\/wp\/v2\/pages\/2578\/revisions\/2746"}],"wp:attachment":[{"href":"https:\/\/vostrotutor.com\/hu\/wp-json\/wp\/v2\/media?parent=2578"}],"curies":[{"name":"wp","href":"https:\/\/api.w.org\/{rel}","templated":true}]}}