{"id":2580,"date":"2022-02-28T14:08:21","date_gmt":"2022-02-28T12:08:21","guid":{"rendered":"https:\/\/vostrotutor.com\/elfelejtettem-a-jelszavam\/"},"modified":"2023-07-31T11:24:59","modified_gmt":"2023-07-31T09:24:59","slug":"elfelejtettem-a-jelszavam","status":"publish","type":"page","link":"https:\/\/vostrotutor.com\/hu\/elfelejtettem-a-jelszavam\/","title":{"rendered":"Elfelejtettem a jelszavam"},"content":{"rendered":"\t\t<div data-elementor-type=\"wp-page\" data-elementor-id=\"2580\" class=\"elementor elementor-2580 elementor-258\" data-elementor-post-type=\"page\">\n\t\t\t\t\t\t\t\t\t<section class=\"elementor-section elementor-top-section elementor-element elementor-element-bc55865 elementor-section-full_width elementor-section-stretched elementor-section-height-default elementor-section-height-default\" data-id=\"bc55865\" data-element_type=\"section\" data-settings=\"{&quot;stretch_section&quot;:&quot;section-stretched&quot;}\">\n\t\t\t\t\t\t<div class=\"elementor-container elementor-column-gap-no\">\n\t\t\t\t\t<div class=\"elementor-column elementor-col-100 elementor-top-column elementor-element elementor-element-dbf0036\" data-id=\"dbf0036\" data-element_type=\"column\">\n\t\t\t<div class=\"elementor-widget-wrap elementor-element-populated\">\n\t\t\t\t\t\t\t\t<div class=\"elementor-element elementor-element-4732504 elementor-widget elementor-widget-tuturn_element_authentication\" data-id=\"4732504\" data-element_type=\"widget\" data-widget_type=\"tuturn_element_authentication.default\">\n\t\t\t\t<div class=\"elementor-widget-container\">\n\t\t\t\t\t\t\t<div class=\"tu-sc-shortcode tu-haslayout\">\r\n\t\t\t\t\t            <div class=\"tu-main-login\">\r\n                <div class=\"tu-login-left\">\r\n                                            <strong>\r\n                            <a href=\"https:\/\/vostrotutor.com\/hu\/\"><img decoding=\"async\" src=\"https:\/\/vostrotutor.com\/wp-content\/uploads\/2023\/06\/vostrotutor-logo-white.png\" alt=\"Images\"><\/a>\r\n                         <\/strong>\r\n                                            <figure>\r\n                            <img decoding=\"async\" src=\"https:\/\/vostrotutor.com\/wp-content\/uploads\/2023\/06\/login-img.webp\" alt=\"Images\">\r\n                        <\/figure>\r\n                                            <div class=\"tu-login-left_title\">\r\n                                                            <h2>Vostrotutor<\/h2>\r\n                                                            <span>Jelsz\u00f3 eml\u00e9keztet\u0151<\/span>\r\n                                                    <\/div>\r\n                                    <\/div>\r\n                <div class=\"tu-login-right\">\r\n                                            <div class=\"tu-login-right_title\">\r\n                                                            <h2>Jelsz\u00f3<\/h2>\r\n                                                            <h3>eml\u00e9keztet\u0151\n\n<\/h3>\r\n                                                    <\/div>\r\n                                        <form class=\"tu-themeform tu-login-form tu-forgot-password\">\r\n                        <fieldset>\r\n                            <div class=\"tu-themeform__wrap\">\r\n                                <div class=\"form-group-wrap\">\r\n                                    <div class=\"form-group\">\r\n                                        <div class=\"tu-placeholderholder\">\r\n                                            <input type=\"email\" name=\"email\" class=\"form-control\" required=\"required\" placeholder=\"Email\/felhaszn\u00e1l\u00f3n\u00e9v\">\r\n                                        <\/div>\r\n                                    <\/div>\r\n                                    <div class=\"form-group\">\r\n                                        <a href=\"javascript:void(0);\" class=\"tu-primbtn-lg tu-password-forgot\"><span>Jelsz\u00f3 eml\u00e9keztet\u0151 k\u00fcld\u00e9se<\/span><i class=\"icon icon-arrow-right\"><\/i><\/a>\r\n                                    <\/div>\r\n                                                                            <div class=\"tu-lost-password form-group\">\r\n                                                                                            <a href=\"https:\/\/vostrotutor.com\/signup\/\">Regisztr\u00e1ci\u00f3 <\/a>\r\n                                                                                            <a href=\"https:\/\/vostrotutor.com\/sign-in\/\">Bejelentkez\u00e9s<\/a>\r\n                                                                                    <\/div>\r\n                                                                    <\/div>\r\n                            <\/div>\r\n                        <\/fieldset>\r\n                    <\/form>\r\n                    <a class=\"tuturn-auth-back\" href=\"https:\/\/vostrotutor.com\/hu\/\"><i class=\"icon icon-arrow-left\"><\/i> Go back<\/a>\r\n                <\/div>\r\n            <\/div>\r\n        \t\t\t\t<\/div>\r\n\t\t\t\t\t\t<\/div>\n\t\t\t\t<\/div>\n\t\t\t\t\t<\/div>\n\t\t<\/div>\n\t\t\t\t\t\t\t<\/div>\n\t\t<\/section>\n\t\t\t\t\t\t\t<\/div>\n\t\t","protected":false},"excerpt":{"rendered":"<p>Vostrotutor Jelsz\u00f3 eml\u00e9keztet\u0151 Jelsz\u00f3 eml\u00e9keztet\u0151 Send reset link Join us today Sign in Go back<\/p>\n","protected":false},"author":1,"featured_media":0,"parent":0,"menu_order":0,"comment_status":"closed","ping_status":"closed","template":"elementor_canvas","meta":{"footnotes":""},"_links":{"self":[{"href":"https:\/\/vostrotutor.com\/hu\/wp-json\/wp\/v2\/pages\/2580"}],"collection":[{"href":"https:\/\/vostrotutor.com\/hu\/wp-json\/wp\/v2\/pages"}],"about":[{"href":"https:\/\/vostrotutor.com\/hu\/wp-json\/wp\/v2\/types\/page"}],"author":[{"embeddable":true,"href":"https:\/\/vostrotutor.com\/hu\/wp-json\/wp\/v2\/users\/1"}],"replies":[{"embeddable":true,"href":"https:\/\/vostrotutor.com\/hu\/wp-json\/wp\/v2\/comments?post=2580"}],"version-history":[{"count":4,"href":"https:\/\/vostrotutor.com\/hu\/wp-json\/wp\/v2\/pages\/2580\/revisions"}],"predecessor-version":[{"id":2816,"href":"https:\/\/vostrotutor.com\/hu\/wp-json\/wp\/v2\/pages\/2580\/revisions\/2816"}],"wp:attachment":[{"href":"https:\/\/vostrotutor.com\/hu\/wp-json\/wp\/v2\/media?parent=2580"}],"curies":[{"name":"wp","href":"https:\/\/api.w.org\/{rel}","templated":true}]}}