{"id":2594,"date":"2022-02-28T14:06:28","date_gmt":"2022-02-28T12:06:28","guid":{"rendered":"https:\/\/vostrotutor.com\/regisztracio\/"},"modified":"2023-11-09T16:22:18","modified_gmt":"2023-11-09T14:22:18","slug":"regisztracio","status":"publish","type":"page","link":"https:\/\/vostrotutor.com\/hu\/regisztracio\/","title":{"rendered":"Regisztr\u00e1ci\u00f3"},"content":{"rendered":"\t\t<div data-elementor-type=\"wp-page\" data-elementor-id=\"2594\" class=\"elementor elementor-2594 elementor-253\" data-elementor-post-type=\"page\">\n\t\t\t\t\t\t\t\t\t<section class=\"elementor-section elementor-top-section elementor-element elementor-element-92c91c4 elementor-section-full_width elementor-section-stretched elementor-section-height-default elementor-section-height-default\" data-id=\"92c91c4\" data-element_type=\"section\" data-settings=\"{&quot;stretch_section&quot;:&quot;section-stretched&quot;}\">\n\t\t\t\t\t\t<div class=\"elementor-container elementor-column-gap-no\">\n\t\t\t\t\t<div class=\"elementor-column elementor-col-100 elementor-top-column elementor-element elementor-element-3ab9b35\" data-id=\"3ab9b35\" data-element_type=\"column\">\n\t\t\t<div class=\"elementor-widget-wrap elementor-element-populated\">\n\t\t\t\t\t\t\t\t<div class=\"elementor-element elementor-element-87f28c5 elementor-widget elementor-widget-tuturn_element_authentication\" data-id=\"87f28c5\" data-element_type=\"widget\" data-widget_type=\"tuturn_element_authentication.default\">\n\t\t\t\t<div class=\"elementor-widget-container\">\n\t\t\t\t\t\t\t<div class=\"tu-sc-shortcode tu-haslayout\">\r\n\t\t\t\t\t        \r\n        <div class=\"tu-main-login\">\r\n            <div class=\"tu-login-left\">\r\n                                    <strong>\r\n                        <a href=\"https:\/\/vostrotutor.com\/hu\/\"><img decoding=\"async\" src=\"https:\/\/vostrotutor.com\/wp-content\/uploads\/2023\/06\/vostrotutor-logo-white.png\" alt=\"Registration\"><\/a>\r\n                    <\/strong>\r\n                                    <figure>\r\n                        <img decoding=\"async\" src=\"https:\/\/vostrotutor.com\/wp-content\/uploads\/2023\/06\/login-img.webp\" alt=\"Registration\">\r\n                    <\/figure>\r\n                                    <div class=\"tu-login-left_title\">\r\n                                                    <h2>Vostrotutor<\/h2>\r\n                                                    <span>Regisztr\u00e1ci\u00f3s oldal<\/span>\r\n                                            <\/div>\r\n                            <\/div>\r\n            <div class=\"tu-login-right\">\r\n                                    <div class=\"tu-login-right_title\">\r\n                                                    <h2>Regisztr\u00e1lj <\/h2>\r\n                                                    <h3>tan\u00e1r vagy di\u00e1kk\u00e9nt ingyen<\/h3>\r\n                                            <\/div>\r\n                \t\t\t\t<form class=\"tu-themeform tu-login-form tu-signup-form\">\r\n\t\t\t\t\t<fieldset>\r\n\t\t\t\t\t\t<div class=\"tu-themeform__wrap\">\r\n\t\t\t\t\t\t\t<div class=\"form-group-wrap\">\r\n\t\t\t\t\t\t\t\t<div class=\"form-group\">\r\n\t\t\t\t\t\t\t\t\t<div class=\"tu-placeholderholder\">\r\n\t\t\t\t\t\t\t\t\t\t<input type=\"text\" name=\"registration[fname]\" class=\"form-control\" required=\"required\" placeholder=\"Keresztn\u00e9v\">\r\n\t\t\t\t\t\t\t\t\t<\/div>\r\n\t\t\t\t\t\t\t\t<\/div>\r\n\t\t\t\t\t\t\t\t<div class=\"form-group\">\r\n\t\t\t\t\t\t\t\t\t<div class=\"tu-placeholderholder\">\r\n\t\t\t\t\t\t\t\t\t\t<input type=\"text\" name=\"registration[lname]\" required=\"required\" class=\"form-control\" placeholder=\"Vezet\u00e9kn\u00e9v\">\r\n\t\t\t\t\t\t\t\t\t<\/div>\r\n\t\t\t\t\t\t\t\t<\/div>\r\n                                                                    <div class=\"form-group\">\r\n                                        <div class=\"tu-placeholderholder\">\r\n                                            <input type=\"text\" name=\"registration[username]\" required=\"required\" class=\"form-control\" placeholder=\"Felhaszn\u00e1l\u00f3n\u00e9v\">\r\n                                        <\/div>\r\n                                    <\/div>\r\n                                                                \t\t\t\t\t\t\t\t<div class=\"form-group\">\r\n\t\t\t\t\t\t\t\t\t<div class=\"tu-placeholderholder\">\r\n\t\t\t\t\t\t\t\t\t\t<input type=\"email\" name=\"registration[email]\" class=\"form-control\" required=\"required\" placeholder=\"E-mail c\u00edm\">\r\n\t\t\t\t\t\t\t\t\t<\/div>\r\n\t\t\t\t\t\t\t\t<\/div>\r\n\t\t\t\t\t\t\t\t<div class=\"form-group\">\r\n\t\t\t\t\t\t\t\t\t<div class=\"tu-placeholderholder\">\r\n                                        <div class=\"input-group tu-input-group form-control\">\r\n                                            <input type=\"password\" name=\"registration[password]\" id =\"tu-passwordinput\" required=\"required\" placeholder=\"Jelsz\u00f3\">\r\n                                            <span class=\"tu-showpassword\"><i class=\"icon icon-eye-off\"><\/i><\/span>\r\n                                        <\/div>\r\n\t\t\t\t\t\t\t\t\t<\/div>\r\n\t\t\t\t\t\t\t\t<\/div>\r\n                                <div class=\"form-group tu-form-groupradio registration-user-type\">\r\n                                    <div class=\"tu-check tu-radiosm\">\r\n                                        <input id=\"user_type_instructor\" type=\"radio\" name=\"registration[user_type]\" value=\"instructor\">\r\n                                        <label for=\"user_type_instructor\">Oktat\u00f3<\/label>\r\n                                    <\/div>\r\n                                    <div class=\"tu-check tu-radiosm\">\r\n                                        <input id=\"user_type_student\" type=\"radio\" name=\"registration[user_type]\" value=\"student\">\r\n                                        <label for=\"user_type_student\">Di\u00e1k<\/label>\r\n                                    <\/div>\r\n                                <\/div>\r\n                                <div class=\"form-group\">\r\n\t\t\t\t\t\t\t\t\t<div class=\"tu-check tu-signup-check\">\r\n                                        <input type=\"hidden\" name=\"registration[terms]\" value=\"\">\r\n                                        <input type=\"checkbox\" name=\"registration[terms]\" id=\"tu-terms\" name=\"tu-terms\">\r\n                                        <label for=\"tu-terms\"><span>Elolvastam \u00e9s elfogadom<\/span><a href=\"https:\/\/vostrotutor.com\/hu\/privacy-policy\/\">Terms &amp; conditions <\/a><\/label>\r\n                                    <\/div>\r\n\t\t\t\t\t\t\t\t<\/div>\r\n\t\t\t\t\t\t\t\t<div class=\"form-group\">\r\n\t\t\t\t\t\t\t\t\t<a href=\"javascript:void(0);\" class=\"tu-primbtn-lg tu-submit-registration\"><span>Regisztr\u00e1lok <\/span><i class=\"icon icon-arrow-right\"><\/i><\/a>\r\n\t\t\t\t\t\t\t\t<\/div>\r\n                                                                <div class=\"tu-lost-password form-group\">\r\n                                    <a href=\"https:\/\/vostrotutor.com\/sign-in\/\">Bejelentkez\u00e9s<\/a>\r\n                                    <a href=\"https:\/\/vostrotutor.com\/forgot-password\/\" class=\"tu-password-clr_light\">Jelsz\u00f3 eml\u00e9keztet\u0151<\/a>\r\n                                <\/div>\r\n \t\t\t\t\t\t\t<\/div>\r\n\t\t\t\t\t\t<\/div>\r\n\t\t\t\t\t<\/fieldset>\r\n\t\t\t\t<\/form>\r\n                <a class=\"tuturn-auth-back\" href=\"https:\/\/vostrotutor.com\/hu\/\"><i class=\"icon icon-arrow-left\"><\/i>Go back<\/a>\r\n            <\/div>\r\n       <\/div>\r\n\t\t<script type=\"text\/template\" id=\"tmpl-tu-social-user-type\">\r\n    <div class=\"modal-header\">\r\n        <h5>Choose user type<\/h5>\r\n        <a href=\"javascript:void(0);\" class=\"tu-close\" type=\"button\" data-bs-dismiss=\"modal\" aria-label=\"Close\"><i class=\"icon icon-x\"><\/i><\/a>\r\n    <\/div>\r\n    <div class=\"modal-body\">\r\n        <form class=\"tu-themeform\">\r\n            <fieldset>\r\n                <div class=\"tu-themeform__wrap\">\r\n                    <div class=\"form-group registration-user-type\">\r\n                        <div class=\"tu-check tu-radiosm\">\r\n                            <input id=\"usertype_student\" class=\"tu-usertype-radio\" type=\"radio\" name=\"choose_usertype\" value=\"student\">\r\n                            <label for=\"usertype_student\">Di\u00e1k<\/label>\r\n                        <\/div>\r\n                        <div class=\"tu-check tu-radiosm\">\r\n                            <input id=\"usertype_instructor\" class=\"tu-usertype-radio\" type=\"radio\" name=\"choose_usertype\" value=\"instructor\">\r\n                            <label for=\"usertype_instructor\">Oktat\u00f3<\/label>\r\n                        <\/div>\r\n                    <\/div>\r\n                    <input type=\"hidden\" id=\"social-userdetail\" name=\"social_userdetail\" value=\"{{data.userData}}\">\r\n                <\/div>\r\n            <\/fieldset>\r\n        <\/form>\r\n    <\/div>\r\n<\/script>\t\t\t\t<\/div>\r\n\t\t\t\t\t\t<\/div>\n\t\t\t\t<\/div>\n\t\t\t\t\t<\/div>\n\t\t<\/div>\n\t\t\t\t\t\t\t<\/div>\n\t\t<\/section>\n\t\t\t\t\t\t\t<\/div>\n\t\t","protected":false},"excerpt":{"rendered":"<p>Vostrotutor Regisztr\u00e1ci\u00f3s oldal Regisztr\u00e1lj tan\u00e1r vagy di\u00e1kk\u00e9nt ingyen Tutor Student I have read and agree to allTerms &amp; conditions Join now Sign in Lost password? Go back<\/p>\n","protected":false},"author":1,"featured_media":0,"parent":0,"menu_order":0,"comment_status":"closed","ping_status":"closed","template":"elementor_canvas","meta":{"footnotes":""},"_links":{"self":[{"href":"https:\/\/vostrotutor.com\/hu\/wp-json\/wp\/v2\/pages\/2594"}],"collection":[{"href":"https:\/\/vostrotutor.com\/hu\/wp-json\/wp\/v2\/pages"}],"about":[{"href":"https:\/\/vostrotutor.com\/hu\/wp-json\/wp\/v2\/types\/page"}],"author":[{"embeddable":true,"href":"https:\/\/vostrotutor.com\/hu\/wp-json\/wp\/v2\/users\/1"}],"replies":[{"embeddable":true,"href":"https:\/\/vostrotutor.com\/hu\/wp-json\/wp\/v2\/comments?post=2594"}],"version-history":[{"count":10,"href":"https:\/\/vostrotutor.com\/hu\/wp-json\/wp\/v2\/pages\/2594\/revisions"}],"predecessor-version":[{"id":3192,"href":"https:\/\/vostrotutor.com\/hu\/wp-json\/wp\/v2\/pages\/2594\/revisions\/3192"}],"wp:attachment":[{"href":"https:\/\/vostrotutor.com\/hu\/wp-json\/wp\/v2\/media?parent=2594"}],"curies":[{"name":"wp","href":"https:\/\/api.w.org\/{rel}","templated":true}]}}