{"id":2596,"date":"2022-02-25T12:31:12","date_gmt":"2022-02-25T10:31:12","guid":{"rendered":"https:\/\/vostrotutor.com\/bejelentkezes\/"},"modified":"2023-07-31T11:23:19","modified_gmt":"2023-07-31T09:23:19","slug":"bejelentkezes","status":"publish","type":"page","link":"https:\/\/vostrotutor.com\/hu\/bejelentkezes\/","title":{"rendered":"Bejelentkez\u00e9s"},"content":{"rendered":"\t\t<div data-elementor-type=\"wp-page\" data-elementor-id=\"2596\" class=\"elementor elementor-2596 elementor-24\" data-elementor-post-type=\"page\">\n\t\t\t\t\t\t\t\t\t<section class=\"elementor-section elementor-top-section elementor-element elementor-element-f82bbe0 elementor-section-full_width elementor-section-stretched elementor-section-height-default elementor-section-height-default\" data-id=\"f82bbe0\" data-element_type=\"section\" data-settings=\"{&quot;stretch_section&quot;:&quot;section-stretched&quot;}\">\n\t\t\t\t\t\t<div class=\"elementor-container elementor-column-gap-no\">\n\t\t\t\t\t<div class=\"elementor-column elementor-col-100 elementor-top-column elementor-element elementor-element-f7041ef\" data-id=\"f7041ef\" data-element_type=\"column\">\n\t\t\t<div class=\"elementor-widget-wrap elementor-element-populated\">\n\t\t\t\t\t\t\t\t<div class=\"elementor-element elementor-element-1c70932 elementor-widget elementor-widget-tuturn_element_authentication\" data-id=\"1c70932\" data-element_type=\"widget\" data-widget_type=\"tuturn_element_authentication.default\">\n\t\t\t\t<div class=\"elementor-widget-container\">\n\t\t\t\t\t\t\t<div class=\"tu-sc-shortcode tu-haslayout\">\r\n\t\t\t\t\t        \r\n        <div class=\"tu-main-login\">\r\n            <div class=\"tu-login-left\">\r\n                                    <strong>\r\n                        <a href=\"https:\/\/vostrotutor.com\/hu\/\"><img decoding=\"async\" src=\"https:\/\/vostrotutor.com\/wp-content\/uploads\/2023\/06\/vostrotutor-logo-white.png\" alt=\"images\"><\/a>\r\n                    <\/strong>\r\n                                    <figure>\r\n                        <img decoding=\"async\" src=\"https:\/\/vostrotutor.com\/wp-content\/uploads\/2023\/06\/login-img.webp\" alt=\"images \">\r\n                    <\/figure>\r\n                                    <div class=\"tu-login-left_title\">\r\n                                                    <h2>Vostrotutor<\/h2>\r\n                                            <\/div>\r\n                            <\/div>\r\n            <div class=\"tu-login-right\">\r\n                                    <div class=\"tu-login-right_title\">\r\n                                                    <h2>\u00dcdv\u00f6zl\u00fcnk!<\/h2>\r\n                                                    <h3>Bejelentkez\u00e9s\n\n<\/h3>\r\n                                            <\/div>\r\n                \t\t\t\t<form class=\"tu-themeform tu-login-form\">\r\n\t\t\t\t\t<fieldset>\r\n\t\t\t\t\t\t<div class=\"tu-themeform__wrap\">\r\n\t\t\t\t\t\t\t<div class=\"form-group-wrap\">\r\n\t\t\t\t\t\t\t\t<div class=\"form-group\">\r\n\t\t\t\t\t\t\t\t\t<div class=\"tu-placeholderholder\">\r\n\t\t\t\t\t\t\t\t\t\t<input type=\"email\" name=\"login[email]\" class=\"form-control\" required=\"required\"  placeholder=\"Email\/felhaszn\u00e1l\u00f3n\u00e9v\">\r\n\t\t\t\t\t\t\t\t\t<\/div>\r\n\t\t\t\t\t\t\t\t<\/div>\r\n\t\t\t\t\t\t\t\t<div class=\"form-group\">\r\n\t\t\t\t\t\t\t\t\t<div class=\"tu-placeholderholder\">\r\n                                        <div class=\"input-group tu-input-group form-control\">\r\n                                            <input type=\"password\" name=\"login[password]\" id =\"tu-passwordinput\" required=\"required\" placeholder=\"Jelsz\u00f3\">\r\n                                            <span class=\"tu-showpassword\"><i class=\"icon icon-eye-off\"><\/i><\/span>\r\n                                        <\/div>\r\n\t\t\t\t\t\t\t\t\t<\/div>\r\n\t\t\t\t\t\t\t\t<\/div>\r\n\t\t\t\t\t\t\t\t<div class=\"form-group\">\r\n\t\t\t\t\t\t\t\t\t<a href=\"javascript:void(0);\" class=\"tu-primbtn-lg tu-user-login\"><span>Bejelentkez\u00e9s <\/span><i class=\"icon icon-arrow-right\"><\/i><\/a>\r\n\t\t\t\t\t\t\t\t<\/div>\r\n                                \t\t\t\t\t\t\t\t                                    <div class=\"tu-lost-password form-group\">\r\n                                                                                    <a href=\"https:\/\/vostrotutor.com\/signup\/\">Regisztr\u00e1ci\u00f3 <\/a>\r\n                                                                                    <a href=\"https:\/\/vostrotutor.com\/forgot-password\/\" class=\"tu-password-clr_light\">Jelsz\u00f3 eml\u00e9keztet\u0151 <\/a>\r\n                                                                            <\/div>\r\n                                \r\n\t\t\t\t\t\t\t<\/div>\r\n\t\t\t\t\t\t<\/div>\r\n\t\t\t\t\t<\/fieldset>\r\n\t\t\t\t<\/form>\r\n                <a class=\"tuturn-auth-back\" href=\"https:\/\/vostrotutor.com\/hu\/\"><i class=\"icon icon-arrow-left\"><\/i> Go back<\/a>\r\n            <\/div>\r\n       <\/div>\r\n\t\t<script type=\"text\/template\" id=\"tmpl-tu-social-user-type\">\r\n    <div class=\"modal-header\">\r\n        <h5>Choose user type<\/h5>\r\n        <a href=\"javascript:void(0);\" class=\"tu-close\" type=\"button\" data-bs-dismiss=\"modal\" aria-label=\"Close\"><i class=\"icon icon-x\"><\/i><\/a>\r\n    <\/div>\r\n    <div class=\"modal-body\">\r\n        <form class=\"tu-themeform\">\r\n            <fieldset>\r\n                <div class=\"tu-themeform__wrap\">\r\n                    <div class=\"form-group registration-user-type\">\r\n                        <div class=\"tu-check tu-radiosm\">\r\n                            <input id=\"usertype_student\" class=\"tu-usertype-radio\" type=\"radio\" name=\"choose_usertype\" value=\"student\">\r\n                            <label for=\"usertype_student\">Di\u00e1k<\/label>\r\n                        <\/div>\r\n                        <div class=\"tu-check tu-radiosm\">\r\n                            <input id=\"usertype_instructor\" class=\"tu-usertype-radio\" type=\"radio\" name=\"choose_usertype\" value=\"instructor\">\r\n                            <label for=\"usertype_instructor\">Oktat\u00f3<\/label>\r\n                        <\/div>\r\n                    <\/div>\r\n                    <input type=\"hidden\" id=\"social-userdetail\" name=\"social_userdetail\" value=\"{{data.userData}}\">\r\n                <\/div>\r\n            <\/fieldset>\r\n        <\/form>\r\n    <\/div>\r\n<\/script>\t\t\t\t<\/div>\r\n\t\t\t\t\t\t<\/div>\n\t\t\t\t<\/div>\n\t\t\t\t\t<\/div>\n\t\t<\/div>\n\t\t\t\t\t\t\t<\/div>\n\t\t<\/section>\n\t\t\t\t\t\t\t<\/div>\n\t\t","protected":false},"excerpt":{"rendered":"<p>Vostrotutor \u00dcdv\u00f6zl\u00fcnk! Bejelentkez\u00e9s Submit Join us today Lost password? Go back<\/p>\n","protected":false},"author":1,"featured_media":0,"parent":0,"menu_order":0,"comment_status":"closed","ping_status":"closed","template":"elementor_canvas","meta":{"footnotes":""},"_links":{"self":[{"href":"https:\/\/vostrotutor.com\/hu\/wp-json\/wp\/v2\/pages\/2596"}],"collection":[{"href":"https:\/\/vostrotutor.com\/hu\/wp-json\/wp\/v2\/pages"}],"about":[{"href":"https:\/\/vostrotutor.com\/hu\/wp-json\/wp\/v2\/types\/page"}],"author":[{"embeddable":true,"href":"https:\/\/vostrotutor.com\/hu\/wp-json\/wp\/v2\/users\/1"}],"replies":[{"embeddable":true,"href":"https:\/\/vostrotutor.com\/hu\/wp-json\/wp\/v2\/comments?post=2596"}],"version-history":[{"count":10,"href":"https:\/\/vostrotutor.com\/hu\/wp-json\/wp\/v2\/pages\/2596\/revisions"}],"predecessor-version":[{"id":2813,"href":"https:\/\/vostrotutor.com\/hu\/wp-json\/wp\/v2\/pages\/2596\/revisions\/2813"}],"wp:attachment":[{"href":"https:\/\/vostrotutor.com\/hu\/wp-json\/wp\/v2\/media?parent=2596"}],"curies":[{"name":"wp","href":"https:\/\/api.w.org\/{rel}","templated":true}]}}