{"id":2765,"date":"2023-07-31T10:38:51","date_gmt":"2023-07-31T08:38:51","guid":{"rendered":"https:\/\/vostrotutor.com\/tanar-szeretnek-lenni\/"},"modified":"2023-08-23T10:52:16","modified_gmt":"2023-08-23T08:52:16","slug":"tanar-szeretnek-lenni","status":"publish","type":"page","link":"https:\/\/vostrotutor.com\/hu\/tanar-szeretnek-lenni\/","title":{"rendered":"Tan\u00e1r szeretn\u00e9k lenni"},"content":{"rendered":"\t\t<div data-elementor-type=\"wp-page\" data-elementor-id=\"2765\" class=\"elementor elementor-2765 elementor-2757\" data-elementor-post-type=\"page\">\n\t\t\t\t\t\t\t\t\t<section class=\"elementor-section elementor-top-section elementor-element elementor-element-d87c043 elementor-section-stretched elementor-section-boxed elementor-section-height-default elementor-section-height-default\" data-id=\"d87c043\" data-element_type=\"section\" data-settings=\"{&quot;stretch_section&quot;:&quot;section-stretched&quot;}\">\n\t\t\t\t\t\t<div class=\"elementor-container elementor-column-gap-default\">\n\t\t\t\t\t<div class=\"elementor-column elementor-col-50 elementor-top-column elementor-element elementor-element-151efde\" data-id=\"151efde\" data-element_type=\"column\">\n\t\t\t<div class=\"elementor-widget-wrap elementor-element-populated\">\n\t\t\t\t\t\t\t\t<div class=\"elementor-element elementor-element-977d00b elementor-widget elementor-widget-tuturn_how_work_get_started\" data-id=\"977d00b\" data-element_type=\"widget\" data-widget_type=\"tuturn_how_work_get_started.default\">\n\t\t\t\t<div class=\"elementor-widget-container\">\n\t\t\t            <div class=\"tu-main-section\">\r\n                <div class=\"container\">\r\n                    <div class=\"row justify-content-center\">\r\n                        <div class=\"col-md-12 col-lg-8\">\r\n                                                            <div class=\"tu-maintitle text-center\">\r\n                                                                            <img decoding=\"async\" src=\"https:\/\/vostrotutor.com\/wp-content\/plugins\/tuturn\/public\/images\/zigzag-line.svg\" alt=\"\u00dcdv\u00f6zl\u00fcnk\">\r\n                                                                                                                <h4>\u00dcdv\u00f6zl\u00fcnk<\/h4>\r\n                                                                            <h2>J\u00f3 helyen j\u00e1rsz, ha tan\u00edtani szeretn\u00e9l.<\/h2>\r\n                                                                            <p>Nincs el\u00e9g di\u00e1kod vagy csak hobbik\u00e9nt szeretn\u00e9l oktatni egy t\u00e1rgyat? Csak regisztr\u00e1lj az oldalra, t\u00f6ltsd ki az adatlapod, esetleg csatolj egy fot\u00f3t (nem k\u00f6telez\u0151).<\/p>\r\n                                                                    <\/div>\r\n                                                    <\/div>\r\n                    <\/div>\r\n                <\/div>\r\n            <\/div> \r\n            \t\t<\/div>\n\t\t\t\t<\/div>\n\t\t\t\t<div class=\"elementor-element elementor-element-cd43bbb elementor-align-center elementor-widget elementor-widget-button\" data-id=\"cd43bbb\" data-element_type=\"widget\" data-widget_type=\"button.default\">\n\t\t\t\t<div class=\"elementor-widget-container\">\n\t\t\t\t\t<div class=\"elementor-button-wrapper\">\n\t\t\t<a class=\"elementor-button elementor-button-link elementor-size-md\" href=\"#how-does-it-work\">\n\t\t\t\t\t\t<span class=\"elementor-button-content-wrapper\">\n\t\t\t\t\t\t<span class=\"elementor-button-text\">Hogyan m\u0171k\u00f6dik?<\/span>\n\t\t<\/span>\n\t\t\t\t\t<\/a>\n\t\t<\/div>\n\t\t\t\t<\/div>\n\t\t\t\t<\/div>\n\t\t\t\t\t<\/div>\n\t\t<\/div>\n\t\t\t\t<div class=\"elementor-column elementor-col-50 elementor-top-column elementor-element elementor-element-99940e8\" data-id=\"99940e8\" data-element_type=\"column\">\n\t\t\t<div class=\"elementor-widget-wrap elementor-element-populated\">\n\t\t\t\t\t\t\t\t<div class=\"elementor-element elementor-element-d507641 elementor-widget-tablet__width-initial elementor-widget elementor-widget-image\" data-id=\"d507641\" data-element_type=\"widget\" data-widget_type=\"image.default\">\n\t\t\t\t<div class=\"elementor-widget-container\">\n\t\t\t<style>\/*! elementor - v3.16.0 - 17-10-2023 *\/\n.elementor-widget-image{text-align:center}.elementor-widget-image a{display:inline-block}.elementor-widget-image a img[src$=\".svg\"]{width:48px}.elementor-widget-image img{vertical-align:middle;display:inline-block}<\/style>\t\t\t\t\t\t\t\t\t\t\t\t<img decoding=\"async\" width=\"1000\" height=\"834\" src=\"https:\/\/vostrotutor.com\/wp-content\/uploads\/2023\/07\/pngegg.png\" class=\"attachment-large size-large wp-image-2767\" alt=\"\" srcset=\"https:\/\/vostrotutor.com\/wp-content\/uploads\/2023\/07\/pngegg.png 1000w, https:\/\/vostrotutor.com\/wp-content\/uploads\/2023\/07\/pngegg-300x250.png 300w, https:\/\/vostrotutor.com\/wp-content\/uploads\/2023\/07\/pngegg-768x641.png 768w, https:\/\/vostrotutor.com\/wp-content\/uploads\/2023\/07\/pngegg-600x500.png 600w\" sizes=\"(max-width: 1000px) 100vw, 1000px\" \/>\t\t\t\t\t\t\t\t\t\t\t\t\t\t\t<\/div>\n\t\t\t\t<\/div>\n\t\t\t\t\t<\/div>\n\t\t<\/div>\n\t\t\t\t\t\t\t<\/div>\n\t\t<\/section>\n\t\t\t\t<section class=\"elementor-section elementor-top-section elementor-element elementor-element-f4bfd9e elementor-section-full_width elementor-section-stretched elementor-section-height-default elementor-section-height-default\" data-id=\"f4bfd9e\" data-element_type=\"section\" id=\"how-does-it-work\" data-settings=\"{&quot;stretch_section&quot;:&quot;section-stretched&quot;}\">\n\t\t\t\t\t\t<div class=\"elementor-container elementor-column-gap-no\">\n\t\t\t\t\t<div class=\"elementor-column elementor-col-100 elementor-top-column elementor-element elementor-element-d66af8a\" data-id=\"d66af8a\" data-element_type=\"column\">\n\t\t\t<div class=\"elementor-widget-wrap elementor-element-populated\">\n\t\t\t\t\t\t\t\t<div class=\"elementor-element elementor-element-624153b elementor-widget elementor-widget-tuturn_working_process\" data-id=\"624153b\" data-element_type=\"widget\" data-widget_type=\"tuturn_working_process.default\">\n\t\t\t\t<div class=\"elementor-widget-container\">\n\t\t\t                <div>\r\n                    <div class=\"tu-processing-holder\" style=\"background-image: url(https:\/\/vostrotutor.com\/wp-content\/uploads\/2023\/06\/vt-online-courses.jpg);\">\r\n                        <div class=\"tu-processing-img\"><\/div>\r\n                        <div class=\"tu-betterresult tu-processing-content\">\r\n                                                            <div class=\"tu-maintitle\">\r\n                                                                            <img decoding=\"async\" src=\"https:\/\/vostrotutor.com\/wp-content\/plugins\/tuturn\/public\/images\/zigzag-line.svg\" alt=\"image\">\r\n                                                                            <h4>Vostrotutor.com<\/h4>\r\n                                                                    <\/div>\r\n                                                            <ul class=\"tu-processing-list\">\r\n                                                                                <li>\r\n                                                                                                    <div class=\"tu-processinglist-info\">\r\n                                                                                                                    <i class=\"icon icon-smile tu-iconpurple_bgclr\"><\/i>\r\n                                                                                                                    <h4>Mi\u00e9rt \u00e9rdemes minket v\u00e1lasztanod?<\/h4>\r\n                                                                                                            <\/div>\r\n                                                                                                    <p>Oldalunk egyed\u00fcl\u00e1ll\u00f3, mivel a magyar oktat\u00f3kon k\u00edv\u00fcl az eg\u00e9sz vil\u00e1gb\u00f3l, b\u00e1rhonnan v\u00e1rjuk a tan\u00edtani v\u00e1gy\u00f3k jelentkez\u00e9s\u00e9t, legyen az magyar, angol, francia, olasz vagy k\u00ednai. Ez\u00e1ltal egy sz\u00ednesebb palett\u00e1t k\u00edn\u00e1lunk a tan\u00e1rt keres\u0151 di\u00e1kok sz\u00e1m\u00e1ra, hogy ak\u00e1r egy anyanyelv\u0171 oktat\u00f3t\u00f3l saj\u00e1t\u00edtsa el a k\u00edv\u00e1nt ismereteket.  Tov\u00e1bb\u00e1 a tan\u00e1rok sz\u00e1m\u00e1ra is nagyobb lehet\u0151s\u00e9get k\u00edn\u00e1l, hogy ne csak a saj\u00e1t anyanyelv\u00fck\u00f6n besz\u00e9l\u0151k sz\u00e1m\u00e1ra legyenek megtal\u00e1lhat\u00f3ak. \nOnline tan\u00edthatsz otthonr\u00f3l, az irod\u00e1b\u00f3l vagy b\u00e1rhonnan, b\u00e1rmikor amikor te szeretn\u00e9d. \nAz \u00e1tlagos mag\u00e1ntan\u00e1r \u00f3rad\u00edj: 5000-10.000Ft\/60 perc k\u00f6r\u00fcl mozog Magyarorsz\u00e1gon, ha nem csak magyaroknak szeretn\u00e9l \u00f3r\u00e1t tartani,akkor k\u00e9rlek angolul is t\u00f6ltsd ki az adatlapodat illetve eur\u00f3ban vagy doll\u00e1rban add meg az \u00f3rad\u00edjad. Ebben az esetben enn\u00e9l l\u00e9nyegesen t\u00f6bbet is k\u00e9rhetsz egy \u00f3r\u00e1\u00e9rt, \u00e1tlagosan kb. \u20ac17-t\u00f3l. \nIngyenesen csatlakozhatsz magyar \u00e9s nemzetk\u00f6zi facebook csoportjaink hoz ahol pl. megoszthatj\u00e1tok v\u00e9lem\u00e9nyeteket, k\u00e9rd\u00e9seket tehet\u00fcnk fel.\nA di\u00e1kok adhatnak fel tan\u00e1rkeres\u0151 hirdet\u00e9st, \u00edgy tan\u00e1rk\u00e9nt ezek k\u00f6z\u00fcl is szabadon v\u00e1logathatsz egy\u00e9b k\u00f6lts\u00e9gek n\u00e9lk\u00fcl. \n<\/p>\r\n                                                                                            <\/li>\r\n                                                                                    <li>\r\n                                                                                                    <div class=\"tu-processinglist-info\">\r\n                                                                                                                    <i class=\"icon icon-umbrella tu-icongreen_bgclr\"><\/i>\r\n                                                                                                                    <h4>Ha \u00fagy d\u00f6nt\u00f6tt\u00e9l, hogy szeretn\u00e9l regisztr\u00e1lni, akkor a regisztr\u00e1ci\u00f3 folyamata a k\u00f6vetkez\u0151:<\/h4>\r\n                                                                                                            <\/div>\r\n                                                                                                    <p>\u00cdrd be a k\u00e9rt adatokat.  A regisztr\u00e1ci\u00f3t k\u00f6vet\u0151en adatlapod csak akkor v\u00e1lik l\u00e1that\u00f3v\u00e1 ha el\u0151fizett\u00e9l.\n<\/p>\r\n                                                                                            <\/li>\r\n                                                                                    <li>\r\n                                                                                                    <div class=\"tu-processinglist-info\">\r\n                                                                                                                    <i class=\"icon icon-shield tu-iconorange_bgclr\"><\/i>\r\n                                                                                                                    <h4>Hogyan tudnak kapcsolatba l\u00e9pni veled  a di\u00e1kok?<\/h4>\r\n                                                                                                            <\/div>\r\n                                                                                                    <p>Az adatlapon felt\u00fcntethethet\u0151 email c\u00edm, telefonsz\u00e1m, facebook, egy\u00e9b k\u00f6z\u00f6ss\u00e9gi oldal el\u00e9rhet\u0151s\u00e9ge illetve az oldalon kereszt\u00fcl k\u00f6zvetlen\u00fcl is tudnak \u00fczenni ,amir\u0151l \u00e9rtes\u00edt\u00e9st kapsz. \n\n<\/p>\r\n                                                                                            <\/li>\r\n                                                                        <\/ul>\r\n                                                    <\/div>\r\n                    <\/div>\r\n                <\/div>\r\n                \t\t<\/div>\n\t\t\t\t<\/div>\n\t\t\t\t\t<\/div>\n\t\t<\/div>\n\t\t\t\t\t\t\t<\/div>\n\t\t<\/section>\n\t\t\t\t<section class=\"elementor-section elementor-top-section elementor-element elementor-element-fcae2e1 elementor-section-boxed elementor-section-height-default elementor-section-height-default\" data-id=\"fcae2e1\" data-element_type=\"section\">\n\t\t\t\t\t\t<div class=\"elementor-container elementor-column-gap-no\">\n\t\t\t\t\t<div class=\"elementor-column elementor-col-100 elementor-top-column elementor-element elementor-element-3850ba5\" data-id=\"3850ba5\" data-element_type=\"column\">\n\t\t\t<div class=\"elementor-widget-wrap elementor-element-populated\">\n\t\t\t\t\t\t\t\t<div class=\"elementor-element elementor-element-99938d1 elementor-widget elementor-widget-tuturn_how_work_get_started\" data-id=\"99938d1\" data-element_type=\"widget\" data-widget_type=\"tuturn_how_work_get_started.default\">\n\t\t\t\t<div class=\"elementor-widget-container\">\n\t\t\t            <div class=\"tu-main-section\">\r\n                <div class=\"container\">\r\n                    <div class=\"row justify-content-center\">\r\n                        <div class=\"col-md-12 col-lg-8\">\r\n                                                                <ul class=\"tu-banner_list tu-banner_list-two\">\r\n                                                                                    <li>\r\n                                                <a href=\"https:\/\/vostrotutor.com\/prices\/\" class=\"tu-primbtn tu-primbtn-gradient\"><span>Oktat\u00f3i tervek megjelen\u00edt\u00e9se<\/span><i class=\"icon icon-chevron-right\"><\/i><\/a>\r\n                                            <\/li>\r\n                                                                                    <li>\r\n                                                <a href=\"https:\/\/vostrotutor.com\/signup\/\" class=\"tu-secbtn\"><span>Legyen oktat\u00f3<\/span><em>Ingyenes!<\/em><\/a>\r\n                                            <\/li>\r\n                                                                            <\/ul>\r\n                                                        <\/div>\r\n                    <\/div>\r\n                <\/div>\r\n            <\/div> \r\n            \t\t<\/div>\n\t\t\t\t<\/div>\n\t\t\t\t\t<\/div>\n\t\t<\/div>\n\t\t\t\t\t\t\t<\/div>\n\t\t<\/section>\n\t\t\t\t<section class=\"elementor-section elementor-top-section elementor-element elementor-element-f399b3c elementor-section-full_width elementor-section-height-default elementor-section-height-default\" data-id=\"f399b3c\" data-element_type=\"section\" data-settings=\"{&quot;background_background&quot;:&quot;classic&quot;}\">\n\t\t\t\t\t\t<div class=\"elementor-container elementor-column-gap-no\">\n\t\t\t\t\t<div class=\"elementor-column elementor-col-100 elementor-top-column elementor-element elementor-element-0ac5017\" data-id=\"0ac5017\" data-element_type=\"column\">\n\t\t\t<div class=\"elementor-widget-wrap elementor-element-populated\">\n\t\t\t\t\t\t\t\t<div class=\"elementor-element elementor-element-4aa1e08 elementor-widget elementor-widget-tuturn_submit_question\" data-id=\"4aa1e08\" data-element_type=\"widget\" data-widget_type=\"tuturn_submit_question.default\">\n\t\t\t\t<div class=\"elementor-widget-container\">\n\t\t\t                <div class=\"tu-submit-question tu-faq-section\">\r\n                     <div class=\"container\">\r\n                        <div class=\"row justify-content-center\">\r\n                            <div class=\"col-xl-10 col-md-12\">\r\n                                <div class=\"tu-question-section\">\r\n                                    <div class=\"tu-faq-search_title\">\r\n                                                                                    <h5>Nem tal\u00e1lod a v\u00e1laszt?<\/h5>\r\n                                                                                        <h2>\u00cdrd meg nek\u00fcnk k\u00e9rd\u00e9sed<\/h2>\r\n                                                                                                                            <div class=\"tu-question_desc\">\r\n                                                <p>\n\n<\/p>\r\n                                            <\/div>\r\n                                                                            <\/div>\r\n                                                                            <a href=\"javascript:void(0)\" data-bs-toggle=\"modal\" data-bs-target=\"#submitquestion\" class=\"tu-primbtn-lg\"><span>K\u00e9rd\u00e9s k\u00fcld\u00e9se<\/span><i class=\"icon icon-edit-3\"><\/i><\/a>\r\n                                                                    <\/div>\r\n                            <\/div>\r\n                        <\/div>\r\n                    <\/div>\r\n                <\/div>\r\n                                    <div class=\"modal fade tu-profilepopup tu-submitpopup\" id=\"submitquestion\" tabindex=\"-1\" role=\"dialog\" aria-hidden=\"true\">\r\n                        <div class=\"modal-dialog tu-modaldialog\" role=\"document\">\r\n                            <div class=\"modal-content\">\r\n                                <div class=\"tu-popuptitle\">\r\n                                    <h4>Seg\u00edts\u00e9gre van sz\u00fcks\u00e9ged?<\/h4>\r\n                                    <a href=\"javascript:void(0);\" class=\"close\"><i class=\"icon icon-x\" data-bs-dismiss=\"modal\"><\/i><\/a>\r\n                                <\/div>\r\n                                <div class=\"modal-body\">\r\n                                    \n<div class=\"wpcf7 no-js\" id=\"wpcf7-f2631-o1\" lang=\"hu-HU\" dir=\"ltr\">\n<div class=\"screen-reader-response\"><p role=\"status\" aria-live=\"polite\" aria-atomic=\"true\"><\/p> <ul><\/ul><\/div>\n<form action=\"\/hu\/wp-json\/wp\/v2\/pages\/2765#wpcf7-f2631-o1\" method=\"post\" class=\"wpcf7-form init\" aria-label=\"Kapcsolatfelv\u00e9teli \u0171rlap\" novalidate=\"novalidate\" data-status=\"init\">\n<div style=\"display: none;\">\n<input type=\"hidden\" name=\"_wpcf7\" value=\"2631\" \/>\n<input type=\"hidden\" name=\"_wpcf7_version\" value=\"5.8.1\" \/>\n<input type=\"hidden\" name=\"_wpcf7_locale\" value=\"hu_HU\" \/>\n<input type=\"hidden\" name=\"_wpcf7_unit_tag\" value=\"wpcf7-f2631-o1\" \/>\n<input type=\"hidden\" name=\"_wpcf7_container_post\" value=\"0\" \/>\n<input type=\"hidden\" name=\"_wpcf7_posted_data_hash\" value=\"\" \/>\n<\/div>\n<div class=\"form-group-wrap\">\n\t<div class=\"form-group form-group-half\">\n\t\t<p><label class=\"sv-label\">Teljes n\u00e9v<\/label><br \/>\n<span class=\"wpcf7-form-control-wrap\" data-name=\"your-name\"><input size=\"40\" class=\"wpcf7-form-control wpcf7-text wpcf7-validates-as-required\" aria-required=\"true\" aria-invalid=\"false\" placeholder=\"\u00cdrd be a teljes neved\" value=\"\" type=\"text\" name=\"your-name\" \/><\/span>\n\t\t<\/p>\n\t<\/div>\n\t<div class=\"form-group form-group-half\">\n\t\t<p><label class=\"sv-label\">Email c\u00edm<\/label><br \/>\n<span class=\"wpcf7-form-control-wrap\" data-name=\"your-email\"><input size=\"40\" class=\"wpcf7-form-control wpcf7-email wpcf7-validates-as-required wpcf7-text wpcf7-validates-as-email\" aria-required=\"true\" aria-invalid=\"false\" placeholder=\"\u00cdrd be az email c\u00edmed\" value=\"\" type=\"email\" name=\"your-email\" \/><\/span>\n\t\t<\/p>\n\t<\/div>\n\t<div class=\"form-group\">\n\t\t<p><label class=\"sv-label\">Lev\u00e9l t\u00e1rgya<\/label><br \/>\n<span class=\"wpcf7-form-control-wrap\" data-name=\"your-subject\"><input size=\"40\" class=\"wpcf7-form-control wpcf7-text wpcf7-validates-as-required\" aria-required=\"true\" aria-invalid=\"false\" placeholder=\"\u00cdrd be a lev\u00e9l t\u00e1rgy\u00e1t\" value=\"\" type=\"text\" name=\"your-subject\" \/><\/span>\n\t\t<\/p>\n\t<\/div>\n\t<div class=\"form-group\">\n\t\t<p><label class=\"sv-label\">Tartalom<\/label><br \/>\n<span class=\"wpcf7-form-control-wrap\" data-name=\"your-message\"><textarea cols=\"40\" rows=\"10\" class=\"wpcf7-form-control wpcf7-textarea wpcf7-validates-as-required\" aria-required=\"true\" aria-invalid=\"false\" placeholder=\"Ide \u00edrd k\u00e9rd\u00e9sed\/\u00e9szrev\u00e9teled\" name=\"your-message\"><\/textarea><\/span>\n\t\t<\/p>\n\t<\/div>\n\t<div class=\"form-group sv-btnarearight sv-btnarearightvtwo\">\n\t\t<div class=\"sv-check sv-checkvtwo\">\n\t\t\t<p><span class=\"wpcf7-form-control-wrap\" data-name=\"terms-condition\"><span class=\"wpcf7-form-control wpcf7-checkbox wpcf7-validates-as-required\"><span class=\"wpcf7-list-item first last\"><label><input type=\"checkbox\" name=\"terms-condition[]\" value=\"Meg\u00e9rtettem \u00e9s elolvastam az Adatv\u00e9delmi t\u00e1j\u00e9koztat\u00f3t.\" \/><span class=\"wpcf7-list-item-label\">Meg\u00e9rtettem \u00e9s elolvastam az Adatv\u00e9delmi t\u00e1j\u00e9koztat\u00f3t.<\/span><\/label><\/span><\/span><\/span>\n\t\t\t<\/p>\n\t\t<\/div>\n\t\t<p><input class=\"wpcf7-form-control wpcf7-submit has-spinner\" type=\"submit\" value=\"K\u00fcld\u00e9s\" \/>\n\t\t<\/p>\n\t<\/div>\n<\/div><div class=\"wpcf7-response-output\" aria-hidden=\"true\"><\/div>\n<\/form>\n<\/div>\n                                <\/div>\r\n                            <\/div>\r\n                        <\/div>\r\n                    <\/div>\r\n                    \t\t<\/div>\n\t\t\t\t<\/div>\n\t\t\t\t\t<\/div>\n\t\t<\/div>\n\t\t\t\t\t\t\t<\/div>\n\t\t<\/section>\n\t\t\t\t\t\t\t<\/div>\n\t\t","protected":false},"excerpt":{"rendered":"<p>\u00dcdv\u00f6zl\u00fcnk J\u00f3 helyen j\u00e1rsz, ha tan\u00edtani szeretn\u00e9l. Nincs el\u00e9g di\u00e1kod vagy csak hobbik\u00e9nt szeretn\u00e9l oktatni egy t\u00e1rgyat? Csak regisztr\u00e1lj az oldalra, t\u00f6ltsd ki az adatlapod, esetleg csatolj egy fot\u00f3t (nem k\u00f6telez\u0151). Hogyan m\u0171k\u00f6dik? Vostrotutor.com Mi\u00e9rt \u00e9rdemes minket v\u00e1lasztanod? Oldalunk egyed\u00fcl\u00e1ll\u00f3, mivel a magyar oktat\u00f3kon k\u00edv\u00fcl az eg\u00e9sz vil\u00e1gb\u00f3l, b\u00e1rhonnan v\u00e1rjuk a<\/p>\n","protected":false},"author":2,"featured_media":0,"parent":0,"menu_order":0,"comment_status":"closed","ping_status":"closed","template":"","meta":{"footnotes":""},"_links":{"self":[{"href":"https:\/\/vostrotutor.com\/hu\/wp-json\/wp\/v2\/pages\/2765"}],"collection":[{"href":"https:\/\/vostrotutor.com\/hu\/wp-json\/wp\/v2\/pages"}],"about":[{"href":"https:\/\/vostrotutor.com\/hu\/wp-json\/wp\/v2\/types\/page"}],"author":[{"embeddable":true,"href":"https:\/\/vostrotutor.com\/hu\/wp-json\/wp\/v2\/users\/2"}],"replies":[{"embeddable":true,"href":"https:\/\/vostrotutor.com\/hu\/wp-json\/wp\/v2\/comments?post=2765"}],"version-history":[{"count":17,"href":"https:\/\/vostrotutor.com\/hu\/wp-json\/wp\/v2\/pages\/2765\/revisions"}],"predecessor-version":[{"id":2900,"href":"https:\/\/vostrotutor.com\/hu\/wp-json\/wp\/v2\/pages\/2765\/revisions\/2900"}],"wp:attachment":[{"href":"https:\/\/vostrotutor.com\/hu\/wp-json\/wp\/v2\/media?parent=2765"}],"curies":[{"name":"wp","href":"https:\/\/api.w.org\/{rel}","templated":true}]}}